{"id":10208,"date":"2024-05-15T20:06:35","date_gmt":"2024-05-15T17:06:35","guid":{"rendered":"https:\/\/www.skolungdom.fi\/yhteytta\/hallitus\/"},"modified":"2025-01-08T14:31:50","modified_gmt":"2025-01-08T12:31:50","slug":"hallitus","status":"publish","type":"page","link":"https:\/\/www.skolungdom.fi\/fi\/yhteytta\/hallitus\/","title":{"rendered":"Hallitus"},"content":{"rendered":"\n<div class=\"wp-block-group has-global-padding is-layout-constrained wp-container-core-group-is-layout-ff41652c wp-block-group-is-layout-constrained\" style=\"padding-top:var(--wp--preset--spacing--50);padding-bottom:var(--wp--preset--spacing--50)\">\n<div class=\"wp-block-query is-layout-flow wp-block-query-is-layout-flow\">\n<div class=\"wp-block-group has-global-padding is-layout-constrained wp-block-group-is-layout-constrained\">\n<p class=\"has-text-align-center has-custom-fss-webb-blue-background-color has-text-color has-background has-link-color wp-elements-9f46e8930b86167256dfcc9091f70d4b\" style=\"color:#fbfbfb\"><br\/><br\/><br\/>J<strong>os haluat tavoittaa koko hallituksen<\/strong><strong>, voit l\u00e4hett\u00e4\u00e4 viestin osoitteeseen<\/strong> fst@skolungdom.fi.<\/p>\n<\/div>\n\n\n\n<div style=\"height:79px\" aria-hidden=\"true\" class=\"wp-block-spacer\"><\/div>\n\n\n<ul class=\"flex-grid-shifted wp-block-post-template is-layout-flow wp-block-post-template-is-layout-flow\"><li class=\"wp-block-post post-9482 team type-team status-publish has-post-thumbnail hentry kontakt-team-edustus kontakt-team-hallinto-ja-talous kontakt-team-kansainvalinen-toiminta kontakt-team-koulut-ja-vierailut kontakt-team-lehdisto-ja-media kontakt-team-toiminta kontakt-team-vaikuttaaminen-ja-politiikka kontakt-team-verkkosisaltoa kontakt-team-yhteistyot kontaktavdelning-styrelsen-fi\">\n\n<div class=\"wp-block-group inline-block kontaktkort has-text-color has-background has-link-color wp-elements-bea01ce3a85f975bc657b6d5c1528ebc has-global-padding is-layout-constrained wp-block-group-is-layout-constrained\" style=\"color:#232323;background-color:#d9d9d9\">\n\n\n<div class=\"wp-block-group has-global-padding is-layout-constrained wp-container-core-group-is-layout-97829e9f wp-block-group-is-layout-constrained\" style=\"padding-right:var(--wp--preset--spacing--40);padding-left:var(--wp--preset--spacing--40)\"><h2 style=\"font-style:normal;font-weight:500; margin-top:var(--wp--preset--spacing--40);\" class=\"wp-block-post-title has-medium-font-size\">Niko Partanen<\/h2>\n\n\n<div class=\"wp-block-group has-global-padding is-layout-constrained wp-block-group-is-layout-constrained\"><\/div>\n\n\n\n<div class=\"wp-block-group has-global-padding is-layout-constrained wp-block-group-is-layout-constrained\"><\/div>\n\n\n\n<div class=\"wp-block-group has-global-padding is-layout-constrained wp-block-group-is-layout-constrained\"><\/div>\n\n\n\n<div class=\"wp-block-group has-global-padding is-layout-constrained wp-block-group-is-layout-constrained\" style=\"margin-bottom:var(--wp--preset--spacing--50)\"><\/div>\n<\/div>\n<\/div>\n\n\n\n<div style=\"height:48px\" aria-hidden=\"true\" class=\"wp-block-spacer\"><\/div>\n\n<\/li><li class=\"wp-block-post post-9480 team type-team status-publish hentry kontakt-team-kansainvalinen-toiminta kontaktavdelning-styrelsen-fi\">\n\n<div class=\"wp-block-group inline-block kontaktkort has-text-color has-background has-link-color wp-elements-bea01ce3a85f975bc657b6d5c1528ebc has-global-padding is-layout-constrained wp-block-group-is-layout-constrained\" style=\"color:#232323;background-color:#d9d9d9\">\n\n\n<div class=\"wp-block-group has-global-padding is-layout-constrained wp-container-core-group-is-layout-97829e9f wp-block-group-is-layout-constrained\" style=\"padding-right:var(--wp--preset--spacing--40);padding-left:var(--wp--preset--spacing--40)\"><h2 style=\"font-style:normal;font-weight:500; margin-top:var(--wp--preset--spacing--40);\" class=\"wp-block-post-title has-medium-font-size\">Mar Porres<\/h2>\n\n\n<div class=\"wp-block-group has-global-padding is-layout-constrained wp-block-group-is-layout-constrained\"><\/div>\n\n\n\n<div class=\"wp-block-group has-global-padding is-layout-constrained wp-block-group-is-layout-constrained\"><\/div>\n\n\n\n<div class=\"wp-block-group has-global-padding is-layout-constrained wp-block-group-is-layout-constrained\"><\/div>\n\n\n\n<div class=\"wp-block-group has-global-padding is-layout-constrained wp-block-group-is-layout-constrained\" style=\"margin-bottom:var(--wp--preset--spacing--50)\"><\/div>\n<\/div>\n<\/div>\n\n\n\n<div style=\"height:48px\" aria-hidden=\"true\" class=\"wp-block-spacer\"><\/div>\n\n<\/li><li class=\"wp-block-post post-9478 team type-team status-publish hentry kontakt-team-elevbladet-fi kontaktavdelning-styrelsen-fi\">\n\n<div class=\"wp-block-group inline-block kontaktkort has-text-color has-background has-link-color wp-elements-bea01ce3a85f975bc657b6d5c1528ebc has-global-padding is-layout-constrained wp-block-group-is-layout-constrained\" style=\"color:#232323;background-color:#d9d9d9\">\n\n\n<div class=\"wp-block-group has-global-padding is-layout-constrained wp-container-core-group-is-layout-97829e9f wp-block-group-is-layout-constrained\" style=\"padding-right:var(--wp--preset--spacing--40);padding-left:var(--wp--preset--spacing--40)\"><h2 style=\"font-style:normal;font-weight:500; margin-top:var(--wp--preset--spacing--40);\" class=\"wp-block-post-title has-medium-font-size\">Carolina Friman<\/h2>\n\n\n<div class=\"wp-block-group has-global-padding is-layout-constrained wp-block-group-is-layout-constrained\"><\/div>\n\n\n\n<div class=\"wp-block-group has-global-padding is-layout-constrained wp-block-group-is-layout-constrained\"><\/div>\n\n\n\n<div class=\"wp-block-group has-global-padding is-layout-constrained wp-block-group-is-layout-constrained\"><\/div>\n\n\n\n<div class=\"wp-block-group has-global-padding is-layout-constrained wp-block-group-is-layout-constrained\" style=\"margin-bottom:var(--wp--preset--spacing--50)\"><\/div>\n<\/div>\n<\/div>\n\n\n\n<div style=\"height:48px\" aria-hidden=\"true\" class=\"wp-block-spacer\"><\/div>\n\n<\/li><li class=\"wp-block-post post-9476 team type-team status-publish hentry kontakt-team-vaikuttaaminen-ja-politiikka kontaktavdelning-styrelsen-fi\">\n\n<div class=\"wp-block-group inline-block kontaktkort has-text-color has-background has-link-color wp-elements-bea01ce3a85f975bc657b6d5c1528ebc has-global-padding is-layout-constrained wp-block-group-is-layout-constrained\" style=\"color:#232323;background-color:#d9d9d9\">\n\n\n<div class=\"wp-block-group has-global-padding is-layout-constrained wp-container-core-group-is-layout-97829e9f wp-block-group-is-layout-constrained\" style=\"padding-right:var(--wp--preset--spacing--40);padding-left:var(--wp--preset--spacing--40)\"><h2 style=\"font-style:normal;font-weight:500; margin-top:var(--wp--preset--spacing--40);\" class=\"wp-block-post-title has-medium-font-size\">Teo Torrkulla<\/h2>\n\n\n<div class=\"wp-block-group has-global-padding is-layout-constrained wp-block-group-is-layout-constrained\"><\/div>\n\n\n\n<div class=\"wp-block-group has-global-padding is-layout-constrained wp-block-group-is-layout-constrained\"><\/div>\n\n\n\n<div class=\"wp-block-group has-global-padding is-layout-constrained wp-block-group-is-layout-constrained\"><\/div>\n\n\n\n<div class=\"wp-block-group has-global-padding is-layout-constrained wp-block-group-is-layout-constrained\" style=\"margin-bottom:var(--wp--preset--spacing--50)\"><\/div>\n<\/div>\n<\/div>\n\n\n\n<div style=\"height:48px\" aria-hidden=\"true\" class=\"wp-block-spacer\"><\/div>\n\n<\/li><li class=\"wp-block-post post-9474 team type-team status-publish hentry kontakt-team-vaikuttaaminen-ja-politiikka kontaktavdelning-styrelsen-fi\">\n\n<div class=\"wp-block-group inline-block kontaktkort has-text-color has-background has-link-color wp-elements-bea01ce3a85f975bc657b6d5c1528ebc has-global-padding is-layout-constrained wp-block-group-is-layout-constrained\" style=\"color:#232323;background-color:#d9d9d9\">\n\n\n<div class=\"wp-block-group has-global-padding is-layout-constrained wp-container-core-group-is-layout-97829e9f wp-block-group-is-layout-constrained\" style=\"padding-right:var(--wp--preset--spacing--40);padding-left:var(--wp--preset--spacing--40)\"><h2 style=\"font-style:normal;font-weight:500; margin-top:var(--wp--preset--spacing--40);\" class=\"wp-block-post-title has-medium-font-size\">William Mutka<\/h2>\n\n\n<div class=\"wp-block-group has-global-padding is-layout-constrained wp-block-group-is-layout-constrained\"><\/div>\n\n\n\n<div class=\"wp-block-group has-global-padding is-layout-constrained wp-block-group-is-layout-constrained\"><\/div>\n\n\n\n<div class=\"wp-block-group has-global-padding is-layout-constrained wp-block-group-is-layout-constrained\"><\/div>\n\n\n\n<div class=\"wp-block-group has-global-padding is-layout-constrained wp-block-group-is-layout-constrained\" style=\"margin-bottom:var(--wp--preset--spacing--50)\"><\/div>\n<\/div>\n<\/div>\n\n\n\n<div style=\"height:48px\" aria-hidden=\"true\" class=\"wp-block-spacer\"><\/div>\n\n<\/li><li class=\"wp-block-post post-9472 team type-team status-publish hentry kontakt-team-toiminta kontakt-team-vaikuttaaminen-ja-politiikka kontaktavdelning-styrelsen-fi\">\n\n<div class=\"wp-block-group inline-block kontaktkort has-text-color has-background has-link-color wp-elements-bea01ce3a85f975bc657b6d5c1528ebc has-global-padding is-layout-constrained wp-block-group-is-layout-constrained\" style=\"color:#232323;background-color:#d9d9d9\">\n\n\n<div class=\"wp-block-group has-global-padding is-layout-constrained wp-container-core-group-is-layout-97829e9f wp-block-group-is-layout-constrained\" style=\"padding-right:var(--wp--preset--spacing--40);padding-left:var(--wp--preset--spacing--40)\"><h2 style=\"font-style:normal;font-weight:500; margin-top:var(--wp--preset--spacing--40);\" class=\"wp-block-post-title has-medium-font-size\">Ajla Jasarevic<\/h2>\n\n\n<div class=\"wp-block-group has-global-padding is-layout-constrained wp-block-group-is-layout-constrained\"><\/div>\n\n\n\n<div class=\"wp-block-group has-global-padding is-layout-constrained wp-block-group-is-layout-constrained\"><\/div>\n\n\n\n<div class=\"wp-block-group has-global-padding is-layout-constrained wp-block-group-is-layout-constrained\"><\/div>\n\n\n\n<div class=\"wp-block-group has-global-padding is-layout-constrained wp-block-group-is-layout-constrained\" style=\"margin-bottom:var(--wp--preset--spacing--50)\"><\/div>\n<\/div>\n<\/div>\n\n\n\n<div style=\"height:48px\" aria-hidden=\"true\" class=\"wp-block-spacer\"><\/div>\n\n<\/li><li class=\"wp-block-post post-10668 team type-team status-publish has-post-thumbnail hentry kontakt-team-administration-och-ekonomi kontakt-team-internationell-verksamhet kontakt-team-paverkan-och-politik kontakt-team-press-och-media kontakt-team-representation kontakt-team-samarbeten kontakt-team-skolor-och-besok kontakt-team-verksamhet kontakt-team-webbinnehall kontaktavdelning-styrelsen\">\n\n<div class=\"wp-block-group inline-block kontaktkort has-text-color has-background has-link-color wp-elements-bea01ce3a85f975bc657b6d5c1528ebc has-global-padding is-layout-constrained wp-block-group-is-layout-constrained\" style=\"color:#232323;background-color:#d9d9d9\"><div class=\"contact-worker-photo contact-worker-photo wp-block-pods-pods-block-field\"><div id='gallery-1' class='gallery galleryid-10668 gallery-columns-3 gallery-size-large'><figure class='gallery-item'>\n\t\t\t<div class='gallery-icon portrait'>\n\t\t\t\t<img loading=\"lazy\" decoding=\"async\" width=\"768\" height=\"1024\" src=\"https:\/\/www.skolungdom.fi\/wp-content\/uploads\/2025\/07\/Mar-2-768x1024.jpg\" class=\"attachment-large size-large\" alt=\"\" srcset=\"https:\/\/www.skolungdom.fi\/wp-content\/uploads\/2025\/07\/Mar-2-768x1024.jpg 768w, https:\/\/www.skolungdom.fi\/wp-content\/uploads\/2025\/07\/Mar-2-225x300.jpg 225w, https:\/\/www.skolungdom.fi\/wp-content\/uploads\/2025\/07\/Mar-2-1152x1536.jpg 1152w, https:\/\/www.skolungdom.fi\/wp-content\/uploads\/2025\/07\/Mar-2-1536x2048.jpg 1536w, https:\/\/www.skolungdom.fi\/wp-content\/uploads\/2025\/07\/Mar-2-1320x1760.jpg 1320w, https:\/\/www.skolungdom.fi\/wp-content\/uploads\/2025\/07\/Mar-2-scaled.jpg 1920w\" sizes=\"auto, (max-width: 768px) 100vw, 768px\" \/>\n\t\t\t<\/div><\/figure>\n\t\t<\/div>\n<\/div>\n\n\n<div class=\"wp-block-group has-global-padding is-layout-constrained wp-container-core-group-is-layout-97829e9f wp-block-group-is-layout-constrained\" style=\"padding-right:var(--wp--preset--spacing--40);padding-left:var(--wp--preset--spacing--40)\"><h2 style=\"font-style:normal;font-weight:500; margin-top:var(--wp--preset--spacing--40);\" class=\"wp-block-post-title has-medium-font-size\">Mar Porres<\/h2>\n\n\n<div class=\"wp-block-group has-global-padding is-layout-constrained wp-block-group-is-layout-constrained\"><p>Ordf\u00f6rande<\/p>\n<\/div>\n\n\n\n<div class=\"wp-block-group has-global-padding is-layout-constrained wp-block-group-is-layout-constrained\"><p>mar.porres@skolungdom.fi<\/p>\n<\/div>\n\n\n\n<div class=\"wp-block-group has-global-padding is-layout-constrained wp-block-group-is-layout-constrained\"><p>+358 45 844 4660<\/p>\n<\/div>\n\n\n\n<div class=\"wp-block-group has-global-padding is-layout-constrained wp-block-group-is-layout-constrained\" style=\"margin-bottom:var(--wp--preset--spacing--50)\"><p>Mar \u00e4r ansiktet ut\u00e5t f\u00f6r f\u00f6rbundet och leder f\u00f6rbundets och styrelsens arbete. Mar ansvarar ocks\u00e5 f\u00f6r f\u00f6rbundets politiska linje och representation.<\/p>\n<p>Kontakt: +358 50 322 7715<\/p>\n<\/div>\n<\/div>\n<\/div>\n\n\n\n<div style=\"height:48px\" aria-hidden=\"true\" class=\"wp-block-spacer\"><\/div>\n\n<\/li><li class=\"wp-block-post post-10672 team type-team status-publish has-post-thumbnail hentry kontakt-team-paverkan-och-politik kontaktavdelning-styrelsen\">\n\n<div class=\"wp-block-group inline-block kontaktkort has-text-color has-background has-link-color wp-elements-bea01ce3a85f975bc657b6d5c1528ebc has-global-padding is-layout-constrained wp-block-group-is-layout-constrained\" style=\"color:#232323;background-color:#d9d9d9\"><div class=\"contact-worker-photo contact-worker-photo wp-block-pods-pods-block-field\"><div id='gallery-2' class='gallery galleryid-10672 gallery-columns-3 gallery-size-large'><figure class='gallery-item'>\n\t\t\t<div class='gallery-icon portrait'>\n\t\t\t\t<img loading=\"lazy\" decoding=\"async\" width=\"768\" height=\"1024\" src=\"https:\/\/www.skolungdom.fi\/wp-content\/uploads\/2025\/07\/fanny-2-768x1024.jpg\" class=\"attachment-large size-large\" alt=\"\" srcset=\"https:\/\/www.skolungdom.fi\/wp-content\/uploads\/2025\/07\/fanny-2-768x1024.jpg 768w, https:\/\/www.skolungdom.fi\/wp-content\/uploads\/2025\/07\/fanny-2-225x300.jpg 225w, https:\/\/www.skolungdom.fi\/wp-content\/uploads\/2025\/07\/fanny-2-1152x1536.jpg 1152w, https:\/\/www.skolungdom.fi\/wp-content\/uploads\/2025\/07\/fanny-2-1536x2048.jpg 1536w, https:\/\/www.skolungdom.fi\/wp-content\/uploads\/2025\/07\/fanny-2-1320x1760.jpg 1320w, https:\/\/www.skolungdom.fi\/wp-content\/uploads\/2025\/07\/fanny-2-scaled.jpg 1920w\" sizes=\"auto, (max-width: 768px) 100vw, 768px\" \/>\n\t\t\t<\/div><\/figure>\n\t\t<\/div>\n<\/div>\n\n\n<div class=\"wp-block-group has-global-padding is-layout-constrained wp-container-core-group-is-layout-97829e9f wp-block-group-is-layout-constrained\" style=\"padding-right:var(--wp--preset--spacing--40);padding-left:var(--wp--preset--spacing--40)\"><h2 style=\"font-style:normal;font-weight:500; margin-top:var(--wp--preset--spacing--40);\" class=\"wp-block-post-title has-medium-font-size\">Fanny \u00d6sterg\u00e5rd<\/h2>\n\n\n<div class=\"wp-block-group has-global-padding is-layout-constrained wp-block-group-is-layout-constrained\"><p>Vice Ordf\u00f6rande<\/p>\n<\/div>\n\n\n\n<div class=\"wp-block-group has-global-padding is-layout-constrained wp-block-group-is-layout-constrained\"><p>fanny.ostergard@skolungdom.fi<\/p>\n<\/div>\n\n\n\n<div class=\"wp-block-group has-global-padding is-layout-constrained wp-block-group-is-layout-constrained\"><p>+358 40 749 0901<\/p>\n<\/div>\n\n\n\n<div class=\"wp-block-group has-global-padding is-layout-constrained wp-block-group-is-layout-constrained\" style=\"margin-bottom:var(--wp--preset--spacing--50)\"><p>Kontakt: +358 40 749 0901<\/p>\n<\/div>\n<\/div>\n<\/div>\n\n\n\n<div style=\"height:48px\" aria-hidden=\"true\" class=\"wp-block-spacer\"><\/div>\n\n<\/li><li class=\"wp-block-post post-10682 team type-team status-publish has-post-thumbnail hentry kontakt-team-paverkan-och-politik kontaktavdelning-styrelsen\">\n\n<div class=\"wp-block-group inline-block kontaktkort has-text-color has-background has-link-color wp-elements-bea01ce3a85f975bc657b6d5c1528ebc has-global-padding is-layout-constrained wp-block-group-is-layout-constrained\" style=\"color:#232323;background-color:#d9d9d9\"><div class=\"contact-worker-photo contact-worker-photo wp-block-pods-pods-block-field\"><div id='gallery-3' class='gallery galleryid-10682 gallery-columns-3 gallery-size-large'><figure class='gallery-item'>\n\t\t\t<div class='gallery-icon portrait'>\n\t\t\t\t<img loading=\"lazy\" decoding=\"async\" width=\"768\" height=\"1024\" src=\"https:\/\/www.skolungdom.fi\/wp-content\/uploads\/2025\/07\/1000024950-768x1024.jpg\" class=\"attachment-large size-large\" alt=\"\" srcset=\"https:\/\/www.skolungdom.fi\/wp-content\/uploads\/2025\/07\/1000024950-768x1024.jpg 768w, https:\/\/www.skolungdom.fi\/wp-content\/uploads\/2025\/07\/1000024950-225x300.jpg 225w, https:\/\/www.skolungdom.fi\/wp-content\/uploads\/2025\/07\/1000024950-1152x1536.jpg 1152w, https:\/\/www.skolungdom.fi\/wp-content\/uploads\/2025\/07\/1000024950-1536x2048.jpg 1536w, https:\/\/www.skolungdom.fi\/wp-content\/uploads\/2025\/07\/1000024950-1320x1760.jpg 1320w, https:\/\/www.skolungdom.fi\/wp-content\/uploads\/2025\/07\/1000024950-scaled.jpg 1920w\" sizes=\"auto, (max-width: 768px) 100vw, 768px\" \/>\n\t\t\t<\/div><\/figure>\n\t\t<\/div>\n<\/div>\n\n\n<div class=\"wp-block-group has-global-padding is-layout-constrained wp-container-core-group-is-layout-97829e9f wp-block-group-is-layout-constrained\" style=\"padding-right:var(--wp--preset--spacing--40);padding-left:var(--wp--preset--spacing--40)\"><h2 style=\"font-style:normal;font-weight:500; margin-top:var(--wp--preset--spacing--40);\" class=\"wp-block-post-title has-medium-font-size\">William Mutka<\/h2>\n\n\n<div class=\"wp-block-group has-global-padding is-layout-constrained wp-block-group-is-layout-constrained\"><p>Vice Ordf\u00f6rande<\/p>\n<\/div>\n\n\n\n<div class=\"wp-block-group has-global-padding is-layout-constrained wp-block-group-is-layout-constrained\"><p>william.mutka@skolungdom.fi<\/p>\n<\/div>\n\n\n\n<div class=\"wp-block-group has-global-padding is-layout-constrained wp-block-group-is-layout-constrained\"><\/div>\n\n\n\n<div class=\"wp-block-group has-global-padding is-layout-constrained wp-block-group-is-layout-constrained\" style=\"margin-bottom:var(--wp--preset--spacing--50)\"><\/div>\n<\/div>\n<\/div>\n\n\n\n<div style=\"height:48px\" aria-hidden=\"true\" class=\"wp-block-spacer\"><\/div>\n\n<\/li><li class=\"wp-block-post post-10683 team type-team status-publish has-post-thumbnail hentry kontakt-team-paverkan-och-politik kontaktavdelning-styrelsen\">\n\n<div class=\"wp-block-group inline-block kontaktkort has-text-color has-background has-link-color wp-elements-bea01ce3a85f975bc657b6d5c1528ebc has-global-padding is-layout-constrained wp-block-group-is-layout-constrained\" style=\"color:#232323;background-color:#d9d9d9\"><div class=\"contact-worker-photo contact-worker-photo wp-block-pods-pods-block-field\"><div id='gallery-4' class='gallery galleryid-10683 gallery-columns-3 gallery-size-large'><figure class='gallery-item'>\n\t\t\t<div class='gallery-icon portrait'>\n\t\t\t\t<img loading=\"lazy\" decoding=\"async\" width=\"768\" height=\"1024\" src=\"https:\/\/www.skolungdom.fi\/wp-content\/uploads\/2025\/07\/emma-1-768x1024.jpg\" class=\"attachment-large size-large\" alt=\"\" srcset=\"https:\/\/www.skolungdom.fi\/wp-content\/uploads\/2025\/07\/emma-1-768x1024.jpg 768w, https:\/\/www.skolungdom.fi\/wp-content\/uploads\/2025\/07\/emma-1-225x300.jpg 225w, https:\/\/www.skolungdom.fi\/wp-content\/uploads\/2025\/07\/emma-1-1152x1536.jpg 1152w, https:\/\/www.skolungdom.fi\/wp-content\/uploads\/2025\/07\/emma-1-1536x2048.jpg 1536w, https:\/\/www.skolungdom.fi\/wp-content\/uploads\/2025\/07\/emma-1-1320x1760.jpg 1320w, https:\/\/www.skolungdom.fi\/wp-content\/uploads\/2025\/07\/emma-1-scaled.jpg 1920w\" sizes=\"auto, (max-width: 768px) 100vw, 768px\" \/>\n\t\t\t<\/div><\/figure>\n\t\t<\/div>\n<\/div>\n\n\n<div class=\"wp-block-group has-global-padding is-layout-constrained wp-container-core-group-is-layout-97829e9f wp-block-group-is-layout-constrained\" style=\"padding-right:var(--wp--preset--spacing--40);padding-left:var(--wp--preset--spacing--40)\"><h2 style=\"font-style:normal;font-weight:500; margin-top:var(--wp--preset--spacing--40);\" class=\"wp-block-post-title has-medium-font-size\">Emma Karmanheimo<\/h2>\n\n\n<div class=\"wp-block-group has-global-padding is-layout-constrained wp-block-group-is-layout-constrained\"><p>Ansvarig f\u00f6r Politiska Utskottet<\/p>\n<\/div>\n\n\n\n<div class=\"wp-block-group has-global-padding is-layout-constrained wp-block-group-is-layout-constrained\"><p>emma.karmanheimo@skolungdom.fi<\/p>\n<\/div>\n\n\n\n<div class=\"wp-block-group has-global-padding is-layout-constrained wp-block-group-is-layout-constrained\"><p>+358 40 962 2412<\/p>\n<\/div>\n\n\n\n<div class=\"wp-block-group has-global-padding is-layout-constrained wp-block-group-is-layout-constrained\" style=\"margin-bottom:var(--wp--preset--spacing--50)\"><\/div>\n<\/div>\n<\/div>\n\n\n\n<div style=\"height:48px\" aria-hidden=\"true\" class=\"wp-block-spacer\"><\/div>\n\n<\/li><\/ul>\n\n<nav class=\"wp-block-query-pagination is-layout-flex wp-block-query-pagination-is-layout-flex\" aria-label=\"Sivutus\">\n\n\n<div class=\"wp-block-query-pagination-numbers\"><span aria-current=\"page\" class=\"page-numbers current\">1<\/span>\n<a class=\"page-numbers\" href=\"?query-17-page=2\">2<\/a><\/div>\n\n<a href=\"\/fi\/wp-json\/wp\/v2\/pages\/10208?query-17-page=2\" class=\"wp-block-query-pagination-next\">Seuraava sivu<\/a>\n<\/nav>\n\n<\/div>\n<\/div>\n","protected":false},"excerpt":{"rendered":"<p>FSS:n liiton hallitus vastaa j\u00e4rjest\u00f6n toiminnasta, edunvalvonnasta ja vaikuttamisesta.<\/p>\n","protected":false},"author":1,"featured_media":0,"parent":9085,"menu_order":0,"comment_status":"closed","ping_status":"closed","template":"","meta":{"_uag_custom_page_level_css":"","_EventAllDay":false,"_EventTimezone":"","_EventStartDate":"","_EventEndDate":"","_EventStartDateUTC":"","_EventEndDateUTC":"","_EventShowMap":false,"_EventShowMapLink":false,"_EventURL":"","_EventCost":"","_EventCostDescription":"","_EventCurrencySymbol":"","_EventCurrencyCode":"","_EventCurrencyPosition":"","_EventDateTimeSeparator":"","_EventTimeRangeSeparator":"","_EventOrganizerID":[],"_EventVenueID":[],"_OrganizerEmail":"","_OrganizerPhone":"","_OrganizerWebsite":"","_VenueAddress":"","_VenueCity":"","_VenueCountry":"","_VenueProvince":"","_VenueState":"","_VenueZip":"","_VenuePhone":"","_VenueURL":"","_VenueStateProvince":"","_VenueLat":"","_VenueLng":"","_VenueShowMap":false,"_VenueShowMapLink":false,"footnotes":""},"class_list":["post-10208","page","type-page","status-publish","hentry"],"uagb_featured_image_src":{"full":false,"thumbnail":false,"medium":false,"medium_large":false,"large":false,"1536x1536":false,"2048x2048":false,"mailpoet_newsletter_max":false},"uagb_author_info":{"display_name":"webmaster","author_link":"https:\/\/www.skolungdom.fi\/fi\/author\/webmaster\/"},"uagb_comment_info":0,"uagb_excerpt":"FSS:n liiton hallitus vastaa j\u00e4rjest\u00f6n toiminnasta, edunvalvonnasta ja vaikuttamisesta.","_links":{"self":[{"href":"https:\/\/www.skolungdom.fi\/fi\/wp-json\/wp\/v2\/pages\/10208","targetHints":{"allow":["GET"]}}],"collection":[{"href":"https:\/\/www.skolungdom.fi\/fi\/wp-json\/wp\/v2\/pages"}],"about":[{"href":"https:\/\/www.skolungdom.fi\/fi\/wp-json\/wp\/v2\/types\/page"}],"author":[{"embeddable":true,"href":"https:\/\/www.skolungdom.fi\/fi\/wp-json\/wp\/v2\/users\/1"}],"replies":[{"embeddable":true,"href":"https:\/\/www.skolungdom.fi\/fi\/wp-json\/wp\/v2\/comments?post=10208"}],"version-history":[{"count":1,"href":"https:\/\/www.skolungdom.fi\/fi\/wp-json\/wp\/v2\/pages\/10208\/revisions"}],"predecessor-version":[{"id":10209,"href":"https:\/\/www.skolungdom.fi\/fi\/wp-json\/wp\/v2\/pages\/10208\/revisions\/10209"}],"up":[{"embeddable":true,"href":"https:\/\/www.skolungdom.fi\/fi\/wp-json\/wp\/v2\/pages\/9085"}],"wp:attachment":[{"href":"https:\/\/www.skolungdom.fi\/fi\/wp-json\/wp\/v2\/media?parent=10208"}],"curies":[{"name":"wp","href":"https:\/\/api.w.org\/{rel}","templated":true}]}}