{"id":8734,"date":"2024-06-17T16:10:08","date_gmt":"2024-06-17T13:10:08","guid":{"rendered":"https:\/\/fss.lindvikmedia.space\/frank\/"},"modified":"2024-06-25T16:12:41","modified_gmt":"2024-06-25T13:12:41","slug":"frank","status":"publish","type":"page","link":"https:\/\/www.skolungdom.fi\/fi\/jasenyys\/opiskelijakortti\/frank\/","title":{"rendered":"Frank"},"content":{"rendered":"\n<div class=\"wp-block-group has-global-padding is-layout-constrained wp-container-core-group-is-layout-1c074333 wp-block-group-is-layout-constrained\" style=\"padding-top:var(--wp--preset--spacing--50);padding-right:var(--wp--preset--spacing--30);padding-bottom:var(--wp--preset--spacing--50);padding-left:var(--wp--preset--spacing--30)\">\n<p>Syksyst\u00e4 2018 alkaen kaikki toisen asteen (lukio- tai ammatilliset opinnot) opiskelevat FSS:n j\u00e4senet saavat <a href=\"https:\/\/www.frank.fi\/sv\/\">Frankin<\/a> kautta k\u00e4ytt\u00f6\u00f6ns\u00e4 digitaalisen opiskelijakortin ja monia opiskeluetuja.<\/p>\n<\/div>\n\n<div class=\"wp-block-group has-custom-fss-blue-red-gradient-gradient-background has-background has-global-padding is-layout-constrained wp-container-core-group-is-layout-1c074333 wp-block-group-is-layout-constrained\" style=\"padding-top:var(--wp--preset--spacing--50);padding-right:var(--wp--preset--spacing--30);padding-bottom:var(--wp--preset--spacing--50);padding-left:var(--wp--preset--spacing--30)\">\n<p><strong>Voit aloittaa Frank-sovelluksen k\u00e4yt\u00f6n seuraavasti<\/strong><\/p>\n\n\n\n<ol class=\"wp-block-list\">\n<li><a href=\"https:\/\/frank.app.link\/e1W1VlGiFy\">Lataa<\/a> sovellus<\/li>\n\n\n\n<li>Luo k\u00e4ytt\u00e4j\u00e4tili s\u00e4hk\u00f6postiosoitteellasi ja valitse salasana.<\/li>\n\n\n\n<li>Valitse oppilaskunnan j\u00e4senyydeksi Suomen Koululaisten Keskusliitto ry.<\/li>\n\n\n\n<li>T\u00e4yt\u00e4 henkil\u00f6kohtainen tunnistenumerosi<\/li>\n\n\n\n<li>Lataa kasvokuva digitaalista opiskelijakorttiasi varten.<\/li>\n\n\n\n<li>Tutustu kaikkiin j\u00e4senetuihin<\/li>\n<\/ol>\n<\/div>\n\n<div class=\"wp-block-group has-global-padding is-layout-constrained wp-block-group-is-layout-constrained\" style=\"margin-top:var(--wp--preset--spacing--30);margin-bottom:var(--wp--preset--spacing--30);padding-top:var(--wp--preset--spacing--50);padding-bottom:var(--wp--preset--spacing--50)\">\n<p><strong>Ongelmia Frank-sovelluksen k\u00e4yt\u00f6ss\u00e4?<\/strong><\/p>\n\n\n\n<p>Voit aloittaa Frank-sovelluksen k\u00e4yt\u00f6n pari ty\u00f6p\u00e4iv\u00e4\u00e4 sen j\u00e4lkeen, kun olemme hyv\u00e4ksyneet hakemuksesi ja rekister\u00f6ineet j\u00e4senmaksusi. Sosiaaliturvatunnuksesi yhdist\u00e4\u00e4 FSS:n j\u00e4sentietokannan Frank-tietokantaan, toisin sanoen sosiaaliturvatunnuksesi on oltava j\u00e4sentietokannassamme, jotta voit k\u00e4ytt\u00e4\u00e4 sovellusta ja etuja.<\/p>\n\n\n\n<p>Jos Frank-sovellus ilmoittaa, ett\u00e4 sinua ei voida tunnistaa henkil\u00f6tunnuksen perusteella, ota yhteytt\u00e4 osoitteeseen studiekort@skolungdom.fi, niin autamme sinua.<\/p>\n\n\n\n<p>Lis\u00e4tietoja frankista osoitteessa <a href=\"https:\/\/frank.fi\/sv\" target=\"_blank\" aria-label=\"frank.fi\/sv (opens in a new tab)\" rel=\"noreferrer noopener\" class=\"ek-link\">frank.fi\/fi\/en<\/a><\/p>\n<\/div>\n","protected":false},"excerpt":{"rendered":"<p>Syksyst\u00e4 2018 alkaen kaikki toisen asteen (lukio- tai ammatilliset opinnot) opiskelevat FSS:n j\u00e4senet saavat Frankin kautta k\u00e4ytt\u00f6\u00f6ns\u00e4 digitaalisen opiskelijakortin ja monia opiskeluetuja. Voit aloittaa Frank-sovelluksen k\u00e4yt\u00f6n seuraavasti Ongelmia Frank-sovelluksen k\u00e4yt\u00f6ss\u00e4? [&hellip;]<\/p>\n","protected":false},"author":1,"featured_media":0,"parent":8952,"menu_order":0,"comment_status":"closed","ping_status":"closed","template":"","meta":{"_uag_custom_page_level_css":"","_EventAllDay":false,"_EventTimezone":"","_EventStartDate":"","_EventEndDate":"","_EventStartDateUTC":"","_EventEndDateUTC":"","_EventShowMap":false,"_EventShowMapLink":false,"_EventURL":"","_EventCost":"","_EventCostDescription":"","_EventCurrencySymbol":"","_EventCurrencyCode":"","_EventCurrencyPosition":"","_EventDateTimeSeparator":"","_EventTimeRangeSeparator":"","_EventOrganizerID":[],"_EventVenueID":[],"_OrganizerEmail":"","_OrganizerPhone":"","_OrganizerWebsite":"","_VenueAddress":"","_VenueCity":"","_VenueCountry":"","_VenueProvince":"","_VenueState":"","_VenueZip":"","_VenuePhone":"","_VenueURL":"","_VenueStateProvince":"","_VenueLat":"","_VenueLng":"","_VenueShowMap":false,"_VenueShowMapLink":false,"footnotes":""},"class_list":["post-8734","page","type-page","status-publish","hentry"],"uagb_featured_image_src":{"full":false,"thumbnail":false,"medium":false,"medium_large":false,"large":false,"1536x1536":false,"2048x2048":false,"mailpoet_newsletter_max":false},"uagb_author_info":{"display_name":"webmaster","author_link":"https:\/\/www.skolungdom.fi\/fi\/author\/webmaster\/"},"uagb_comment_info":0,"uagb_excerpt":"Syksyst\u00e4 2018 alkaen kaikki toisen asteen (lukio- tai ammatilliset opinnot) opiskelevat FSS:n j\u00e4senet saavat Frankin kautta k\u00e4ytt\u00f6\u00f6ns\u00e4 digitaalisen opiskelijakortin ja monia opiskeluetuja. Voit aloittaa Frank-sovelluksen k\u00e4yt\u00f6n seuraavasti Ongelmia Frank-sovelluksen k\u00e4yt\u00f6ss\u00e4? [&hellip;]","_links":{"self":[{"href":"https:\/\/www.skolungdom.fi\/fi\/wp-json\/wp\/v2\/pages\/8734","targetHints":{"allow":["GET"]}}],"collection":[{"href":"https:\/\/www.skolungdom.fi\/fi\/wp-json\/wp\/v2\/pages"}],"about":[{"href":"https:\/\/www.skolungdom.fi\/fi\/wp-json\/wp\/v2\/types\/page"}],"author":[{"embeddable":true,"href":"https:\/\/www.skolungdom.fi\/fi\/wp-json\/wp\/v2\/users\/1"}],"replies":[{"embeddable":true,"href":"https:\/\/www.skolungdom.fi\/fi\/wp-json\/wp\/v2\/comments?post=8734"}],"version-history":[{"count":0,"href":"https:\/\/www.skolungdom.fi\/fi\/wp-json\/wp\/v2\/pages\/8734\/revisions"}],"up":[{"embeddable":true,"href":"https:\/\/www.skolungdom.fi\/fi\/wp-json\/wp\/v2\/pages\/8952"}],"wp:attachment":[{"href":"https:\/\/www.skolungdom.fi\/fi\/wp-json\/wp\/v2\/media?parent=8734"}],"curies":[{"name":"wp","href":"https:\/\/api.w.org\/{rel}","templated":true}]}}