{"id":8836,"date":"2024-04-11T08:56:50","date_gmt":"2024-04-11T05:56:50","guid":{"rendered":"https:\/\/fss.lindvikmedia.space\/jasenyys\/"},"modified":"2025-07-29T15:42:39","modified_gmt":"2025-07-29T12:42:39","slug":"jasenyys","status":"publish","type":"page","link":"https:\/\/www.skolungdom.fi\/fi\/jasenyys\/","title":{"rendered":"J\u00e4senyys"},"content":{"rendered":"\n<div class=\"wp-block-group has-global-padding is-layout-constrained wp-container-core-group-is-layout-6a7b5817 wp-block-group-is-layout-constrained\" style=\"margin-top:0;margin-bottom:0;padding-top:var(--wp--preset--spacing--50);padding-right:var(--wp--preset--spacing--30);padding-bottom:var(--wp--preset--spacing--50);padding-left:var(--wp--preset--spacing--30)\">\n<div class=\"wp-block-buttons is-content-justification-center is-layout-flex wp-container-core-buttons-is-layout-a89b3969 wp-block-buttons-is-layout-flex\">\n<div class=\"wp-block-button has-custom-width wp-block-button__width-50\"><a class=\"wp-block-button__link has-custom-fss-webb-bg-color has-custom-fss-yellow-background-color has-text-color has-background has-link-color wp-element-button\" href=\"https:\/\/www.skolungdom.fi\/fi\/jasenyys\/opiskelijakortti\/\" style=\"font-style:normal;font-weight:500\">Hae<\/a><\/div>\n\n\n\n<div class=\"wp-block-button has-custom-width wp-block-button__width-50\"><a class=\"wp-block-button__link wp-element-button\" href=\"#formaner\">J\u00e4senedut<\/a><\/div>\n<\/div>\n<\/div>\n\n\n\n<div class=\"wp-block-group has-global-padding is-layout-constrained wp-container-core-group-is-layout-1c074333 wp-block-group-is-layout-constrained\" style=\"padding-top:var(--wp--preset--spacing--50);padding-right:var(--wp--preset--spacing--30);padding-bottom:var(--wp--preset--spacing--50);padding-left:var(--wp--preset--spacing--30)\">\n<h3 class=\"wp-block-heading\"><strong>Ilmoittautumislomakkeet lukuvuodeksi 2025-2026<\/strong><\/h3>\n\n\n\n<p>Kun haet opiskelijakorttia, sinusta tulee automaattisesti j\u00e4sen ja saat opiskelijakortin, jolla saat opiskelijaetuja, kuten opiskelija-alennuksia monissa eri yrityksiss\u00e4 ja organisaatioissa, sek\u00e4 liiton muita j\u00e4senetuja.<\/p>\n\n\n\n<p>Jos et ole opiskelija, mutta haluat tukea toimintaamme, voit my\u00f6s liitty\u00e4 <strong>kannatusj\u00e4seneksi<\/strong>.  <\/p>\n<\/div>\n\n\n\n<div id=\"formaner\" class=\"wp-block-group has-custom-fss-blue-red-gradient-gradient-background has-background is-layout-flow wp-block-group-is-layout-flow\" style=\"padding-top:var(--wp--preset--spacing--70);padding-right:0;padding-bottom:var(--wp--preset--spacing--70);padding-left:0\">\n<h2 class=\"wp-block-heading has-text-align-center has-large-font-size\" style=\"padding-top:var(--wp--preset--spacing--40);padding-bottom:var(--wp--preset--spacing--40)\">J\u00e4senedut<\/h2>\n\n\n\n<div class=\"wp-block-columns is-layout-flex wp-container-core-columns-is-layout-1a2ddb66 wp-block-columns-is-layout-flex\" style=\"padding-right:var(--wp--preset--spacing--30);padding-left:var(--wp--preset--spacing--30)\">\n<div class=\"wp-block-column uag-hide-tab uag-hide-mob is-layout-flow wp-block-column-is-layout-flow\"><\/div>\n\n\n\n<div class=\"wp-block-column has-mobile-text-align-left is-layout-flow wp-block-column-is-layout-flow\">\n<p><strong>J\u00e4senen\u00e4 saat esimerkiksi: <\/strong><\/p>\n\n\n\n<ul class=\"wp-block-list\">\n<li>Opiskelija-alennuksia VR:lt\u00e4 ja Matkahuollolta<\/li>\n\n\n\n<li><a href=\"https:\/\/elevbladet.fi\/\">J\u00e4rjest\u00f6mme j\u00e4senlehden <\/a> kahdesti vuodessa<\/li>\n<\/ul>\n\n\n\n<p><strong>Peruskoulun yl\u00e4astelaiset: 4,90\u20ac <\/strong><\/p>\n\n\n\n<ul class=\"wp-block-list\">\n<li>Saat fyysisen opiskelijakortin, joka noudetaan kansliasta osoitteesta Kasarminkatu 1D 65\u201366, Helsinki.<\/li>\n\n\n\n<li>Jos haluat, ett\u00e4 opiskelijakortti postitetaan sinulle, kortin postituskulu on\u00a0<strong>9,90 \u20ac<\/strong>.<\/li>\n<\/ul>\n<\/div>\n\n\n\n<div class=\"wp-block-column is-layout-flow wp-block-column-is-layout-flow\">\n<p><strong>Lukion- ja ammatillisten oppilaitosten opiskelijat: 4,90\u20ac<\/strong><\/p>\n\n\n\n<ul class=\"wp-block-list\">\n<li>Saat digitaalisen opiskelijakortin Frank-sovelluksen kautta ja opiskelijaetuja <a href=\"https:\/\/www.frank.fi\/sv\/\">Frankin kautta <\/a> <\/li>\n\n\n\n<li>Jos haluat fyysisen opiskelijakortin, sinun t\u00e4ytyy ottaa yhteytt\u00e4 FSS:n toimistoon s\u00e4hk\u00f6postitse:\u00a0<a href=\"mailto:studiekort@skolungdom.fi\" target=\"_blank\" rel=\"noreferrer noopener\">studiekort@skolungdom.fi<\/a><\/li>\n<\/ul>\n\n\n\n<p><strong>Kansanopistojen opiskelijat: 4,90\u20ac<\/strong><\/p>\n\n\n\n<ul class=\"wp-block-list\">\n<li>Saat fyysisen opiskelijakortin, joka noudetaan kansliasta osoitteesta Kasarminkatu 1D 65\u201366, Helsinki.<\/li>\n\n\n\n<li>Jos haluat, ett\u00e4 opiskelijakortti postitetaan sinulle, kortin postituskulu on\u00a0<strong>9,90 \u20ac<\/strong>. <\/li>\n<\/ul>\n<\/div>\n\n\n\n<div class=\"wp-block-column uag-hide-tab uag-hide-mob is-layout-flow wp-block-column-is-layout-flow\"><\/div>\n<\/div>\n<\/div>\n\n\n\n<div class=\"wp-block-group has-global-padding is-layout-constrained wp-container-core-group-is-layout-28ebc779 wp-block-group-is-layout-constrained\" style=\"margin-bottom:var(--wp--preset--spacing--50);padding-top:var(--wp--preset--spacing--50);padding-right:var(--wp--preset--spacing--30);padding-bottom:var(--wp--preset--spacing--50);padding-left:var(--wp--preset--spacing--30)\">\n<p>os sinulla on jo ollut opiskelijakortti k\u00e4yt\u00f6ss\u00e4, lue <a href=\"https:\/\/skolungdom.fi\/medlemskap\/fornya-medlemskapet\/\">ohjeet kortin uusimisesta<\/a>. Nykyiset FSS j\u00e4senet <strong>saavat s\u00e4hk\u00f6postitse <\/strong> tarkemmat ohjeet j\u00e4senyyden uusimiseksi. Jos et ole saanut s\u00e4hk\u00f6postia, ota yhteytt\u00e4 niin hoidamme asian.<\/p>\n\n\n\n<p>Fyysiset kortit voi noutaa FSS:n toimistolta vain tiistaisin klo 12\u201315. Otamme sinuun yhteytt\u00e4, kun painettu kortti on saapunut toimistollemme painosta. Jos et p\u00e4\u00e4se noutamaan korttia annettuna aikana, sinun t\u00e4ytyy ottaa yhteytt\u00e4 FSS:n opiskelijakorttipalveluun:\u00a0<a href=\"mailto:studiekort@skolungdom.fi\" target=\"_blank\" rel=\"noreferrer noopener\">studiekort@skolungdom.fi<\/a>.<br><\/p>\n\n\n\n<p>Yleisimm\u00e4t kysymykset j\u00e4senyydest\u00e4, opiskelijakortista ja lukuvuositarroista l\u00f6yd\u00e4t kysymys ja vastaus -listaltamme. Jos et l\u00f6yd\u00e4 vastausta kysymykseesi, voit ottaa yhteytt\u00e4 s\u00e4hk\u00f6postitse: <strong>studiekort@skolungdom.fi<\/strong> tai kontaktoida toiminnanjohtajaamme.<\/p>\n<\/div>\n\n\n\n<div class=\"wp-block-group is-layout-flow wp-block-group-is-layout-flow\">\n<h2 class=\"wp-block-heading has-text-align-center\" style=\"margin-bottom:var(--wp--preset--spacing--80);font-size:50px;text-transform:uppercase\">Samarbetspartners<\/h2>\n\n\n\n<div class=\"wp-block-group is-layout-grid wp-container-core-group-is-layout-adde7d5e wp-block-group-is-layout-grid\" style=\"margin-top:0;margin-bottom:0\">\n<div class=\"wp-block-group wp-container-content-b6cac8c6 has-global-padding is-layout-constrained wp-block-group-is-layout-constrained\">\n<div style=\"height:44px\" aria-hidden=\"true\" class=\"wp-block-spacer\"><\/div>\n<\/div>\n\n\n\n<div class=\"wp-block-group wp-container-content-9c069bba is-vertical is-layout-flex wp-container-core-group-is-layout-d7359ae7 wp-block-group-is-layout-flex\" style=\"padding-right:var(--wp--preset--spacing--80)\">\n<h2 class=\"wp-block-heading has-large-font-size\">Be The Change!<\/h2>\n\n\n\n<p><strong>Det h\u00e4r \u00e4r Spring<\/strong> \u2013&nbsp;<strong>en id\u00e9t\u00e4vling f\u00f6r ungdomar i \u00e5ldern 15-19 \u00e5r<\/strong><\/p>\n\n\n\n<p><strong>V\u00e4rlden f\u00f6r\u00e4ndras st\u00e4ndigt, men som tur \u00e4r kan den ocks\u00e5 f\u00f6r\u00e4ndras till det b\u00e4ttre.&nbsp;<br>Spring ger dig m\u00f6jlighet att p\u00e5verka fr\u00e5gor som \u00e4r viktiga f\u00f6r dig.<\/strong><\/p>\n\n\n\n<p>Unga kan delta i Spring i lag p\u00e5 3-5 personer. Skicka in din id\u00e9 som str\u00e4var efter att l\u00f6sa ett stort internationellt problem, svara p\u00e5 en lokal fr\u00e5ga eller skapa fullst\u00e4ndigt nya m\u00f6jligheter. Vinnarna av id\u00e9t\u00e4vlingen bel\u00f6nas med ett sommarjobb och en studieresa i Europa, under vilka du kan utveckla din id\u00e9 till n\u00e5got konkret.<\/p>\n\n\n\n<div class=\"wp-block-buttons is-layout-flex wp-block-buttons-is-layout-flex\">\n<div class=\"wp-block-button\"><a class=\"wp-block-button__link has-text-color has-background has-link-color wp-element-button\" href=\"https:\/\/thisisspring.fi\/sv\/etusivu-svenska\/\" style=\"color:#2a2a2a;background-color:#e8ff00\" target=\"_blank\" rel=\"noreferrer noopener\"><strong>L\u00e4s mer om SPRING<\/strong><\/a><\/div>\n<\/div>\n<\/div>\n\n\n\n<div class=\"wp-block-cover has-parallax wp-container-content-e7279f90\"><span aria-hidden=\"true\" class=\"wp-block-cover__background has-background-dim\" style=\"background-color:#080808\"><\/span><div class=\"wp-block-cover__image-background wp-image-9891 has-parallax\" style=\"background-position:50% 50%;background-image:url(https:\/\/www.skolungdom.fi\/wp-content\/uploads\/2024\/12\/Spring-suorakulmakuva-2.png)\"><\/div><div class=\"wp-block-cover__inner-container is-layout-flow wp-block-cover-is-layout-flow\">\n<div class=\"wp-block-group has-global-padding is-layout-constrained wp-block-group-is-layout-constrained\">\n<figure class=\"wp-block-image alignfull size-full\"><img data-dominant-color=\"748700\" data-has-transparency=\"true\" style=\"--dominant-color: #748700;\" loading=\"lazy\" decoding=\"async\" width=\"710\" height=\"250\" src=\"https:\/\/www.skolungdom.fi\/wp-content\/uploads\/2024\/12\/logo-animation.gif\" alt=\"\" class=\"wp-image-9895 has-transparency\"\/><\/figure>\n<\/div>\n<\/div><\/div>\n\n\n\n<div class=\"wp-block-group wp-container-content-b6cac8c6 has-global-padding is-layout-constrained wp-block-group-is-layout-constrained\">\n<div style=\"height:44px\" aria-hidden=\"true\" class=\"wp-block-spacer\"><\/div>\n<\/div>\n\n\n\n<div class=\"wp-block-cover has-parallax wp-container-content-e7279f90 has-aspect-ratio\" style=\"padding-top:var(--wp--preset--spacing--80);padding-right:var(--wp--preset--spacing--80);padding-bottom:var(--wp--preset--spacing--80);padding-left:var(--wp--preset--spacing--80);aspect-ratio:3\/2;min-height:unset;\"><span aria-hidden=\"true\" class=\"wp-block-cover__background has-background-dim\" style=\"background-color:#26262a\"><\/span><div class=\"wp-block-cover__image-background wp-image-10166 has-parallax\" style=\"background-position:50% 50%;background-image:url(https:\/\/www.skolungdom.fi\/wp-content\/uploads\/2024\/12\/Kulturkarnevalen-2022_SoMe-127_0.jpg)\"><\/div><div class=\"wp-block-cover__inner-container is-layout-flow wp-block-cover-is-layout-flow\">\n<figure class=\"wp-block-image alignwide size-full\" style=\"margin-top:0;margin-right:var(--wp--preset--spacing--70);margin-bottom:0;margin-left:var(--wp--preset--spacing--70)\"><img data-dominant-color=\"fffdff\" data-has-transparency=\"true\" style=\"--dominant-color: #fffdff;\" loading=\"lazy\" decoding=\"async\" width=\"644\" height=\"506\" src=\"https:\/\/www.skolungdom.fi\/wp-content\/uploads\/2024\/12\/kk-logo-vit.png\" alt=\"\" class=\"wp-image-10163 has-transparency\" srcset=\"https:\/\/www.skolungdom.fi\/wp-content\/uploads\/2024\/12\/kk-logo-vit.png 644w, https:\/\/www.skolungdom.fi\/wp-content\/uploads\/2024\/12\/kk-logo-vit-300x236.png 300w\" sizes=\"auto, (max-width: 644px) 100vw, 644px\" \/><\/figure>\n<\/div><\/div>\n\n\n\n<div class=\"wp-block-group wp-container-content-9c069bba is-vertical is-layout-flex wp-container-core-group-is-layout-3f72a8ca wp-block-group-is-layout-flex\" style=\"padding-left:var(--wp--preset--spacing--80)\">\n<h2 class=\"wp-block-heading has-large-font-size\">#Kultur\u00c4rKul<\/h2>\n\n\n\n<p><strong>Kulturkarnevalen \u00e4r en en festival f\u00f6r ungdomar i \u00e5ldern 13-19 \u00e5r.<\/strong> Kulturkarnevalen vill skapa kulturupplevelser bland unga p\u00e5 svenska och erbjuda deltagarna m\u00f6jlighet att prova p\u00e5 olika konstformer. Evenemanget ordnas \u00e5rligen i november, sedan \u00e5r 2003 p\u00e5 olika orter i Svenskfinland.<\/p>\n\n\n\n<p><strong>Som medlem i FSS f\u00e5r du 10% rabatt p\u00e5 Kulturkarnevalens deltagaravgift!<\/strong><\/p>\n\n\n\n<div class=\"wp-block-buttons is-layout-flex wp-block-buttons-is-layout-flex\">\n<div class=\"wp-block-button\"><a class=\"wp-block-button__link has-vivid-cyan-blue-background-color has-text-color has-background has-link-color wp-element-button\" href=\"http:\/\/kulturkarnevalen.fi\" style=\"color:#fefefe\" target=\"_blank\" rel=\"noreferrer noopener\"><strong>Till Kulturkarnevalens Hemsida<\/strong><\/a><\/div>\n<\/div>\n<\/div>\n<\/div>\n<\/div>\n","protected":false},"excerpt":{"rendered":"<p>T\u00e4\u00e4lt\u00e4 l\u00f6yd\u00e4t lis\u00e4tietoja FSS:n j\u00e4seneksi liittymisest\u00e4.<\/p>\n","protected":false},"author":1,"featured_media":0,"parent":0,"menu_order":0,"comment_status":"closed","ping_status":"closed","template":"","meta":{"_uag_custom_page_level_css":"","_EventAllDay":false,"_EventTimezone":"","_EventStartDate":"","_EventEndDate":"","_EventStartDateUTC":"","_EventEndDateUTC":"","_EventShowMap":false,"_EventShowMapLink":false,"_EventURL":"","_EventCost":"","_EventCostDescription":"","_EventCurrencySymbol":"","_EventCurrencyCode":"","_EventCurrencyPosition":"","_EventDateTimeSeparator":"","_EventTimeRangeSeparator":"","_EventOrganizerID":[],"_EventVenueID":[],"_OrganizerEmail":"","_OrganizerPhone":"","_OrganizerWebsite":"","_VenueAddress":"","_VenueCity":"","_VenueCountry":"","_VenueProvince":"","_VenueState":"","_VenueZip":"","_VenuePhone":"","_VenueURL":"","_VenueStateProvince":"","_VenueLat":"","_VenueLng":"","_VenueShowMap":false,"_VenueShowMapLink":false,"footnotes":""},"class_list":["post-8836","page","type-page","status-publish","hentry"],"uagb_featured_image_src":{"full":false,"thumbnail":false,"medium":false,"medium_large":false,"large":false,"1536x1536":false,"2048x2048":false,"mailpoet_newsletter_max":false},"uagb_author_info":{"display_name":"webmaster","author_link":"https:\/\/www.skolungdom.fi\/fi\/author\/webmaster\/"},"uagb_comment_info":0,"uagb_excerpt":"T\u00e4\u00e4lt\u00e4 l\u00f6yd\u00e4t lis\u00e4tietoja FSS:n j\u00e4seneksi liittymisest\u00e4.","_links":{"self":[{"href":"https:\/\/www.skolungdom.fi\/fi\/wp-json\/wp\/v2\/pages\/8836","targetHints":{"allow":["GET"]}}],"collection":[{"href":"https:\/\/www.skolungdom.fi\/fi\/wp-json\/wp\/v2\/pages"}],"about":[{"href":"https:\/\/www.skolungdom.fi\/fi\/wp-json\/wp\/v2\/types\/page"}],"author":[{"embeddable":true,"href":"https:\/\/www.skolungdom.fi\/fi\/wp-json\/wp\/v2\/users\/1"}],"replies":[{"embeddable":true,"href":"https:\/\/www.skolungdom.fi\/fi\/wp-json\/wp\/v2\/comments?post=8836"}],"version-history":[{"count":6,"href":"https:\/\/www.skolungdom.fi\/fi\/wp-json\/wp\/v2\/pages\/8836\/revisions"}],"predecessor-version":[{"id":10793,"href":"https:\/\/www.skolungdom.fi\/fi\/wp-json\/wp\/v2\/pages\/8836\/revisions\/10793"}],"wp:attachment":[{"href":"https:\/\/www.skolungdom.fi\/fi\/wp-json\/wp\/v2\/media?parent=8836"}],"curies":[{"name":"wp","href":"https:\/\/api.w.org\/{rel}","templated":true}]}}