{"id":8838,"date":"2024-03-08T15:43:35","date_gmt":"2024-03-08T13:43:35","guid":{"rendered":"https:\/\/fss.lindvikmedia.space\/meista\/"},"modified":"2024-12-16T11:58:48","modified_gmt":"2024-12-16T09:58:48","slug":"meista","status":"publish","type":"page","link":"https:\/\/www.skolungdom.fi\/fi\/meista\/","title":{"rendered":"Meist\u00e4"},"content":{"rendered":"\n<div class=\"wp-block-group has-global-padding is-layout-constrained wp-block-group-is-layout-constrained\" style=\"margin-top:var(--wp--preset--spacing--70);margin-bottom:var(--wp--preset--spacing--70)\">\n<p class=\"has-text-align-center\">Pohditko jotain FSS liittyen? Voit lukea t\u00e4lt\u00e4 sivulta vastauksia kysymyksiisi. Jos sinulla on kysymyksi\u00e4, joihin emme ole vastanneet, voit ottaa meihin suoraan yhteytt\u00e4 osoitteeseen <a href=\"mailto:kansliet@skolungdom.fi\">kansliet@skolungdom.fi<\/a>.<\/p>\n<\/div>\n\n<div class=\"wp-block-group has-global-padding is-layout-constrained wp-block-group-is-layout-constrained\" style=\"margin-top:var(--wp--preset--spacing--70);margin-bottom:var(--wp--preset--spacing--70)\">\n<details class=\"wp-block-details has-custom-fss-webb-blue-background-color has-text-color has-background has-link-color wp-elements-76f87ca47d2b6760d26b723d531f2e57 is-layout-flow wp-block-details-is-layout-flow\" style=\"color:#f8f8f8;padding-top:var(--wp--preset--spacing--40);padding-right:var(--wp--preset--spacing--40);padding-bottom:var(--wp--preset--spacing--40);padding-left:var(--wp--preset--spacing--40);font-size:2em;font-style:normal;font-weight:700\"><summary>Mik\u00e4 on FSS?<\/summary>\n<div class=\"wp-block-group has-small-font-size has-global-padding is-layout-constrained wp-block-group-is-layout-constrained\">\n<p style=\"font-style:normal;font-weight:400\"><strong>Finlands Svenska Skolungdomsf\u00f6rbund<\/strong>, FSS rf<\/p>\n\n\n\n<ul style=\"margin-top:var(--wp--preset--spacing--50);margin-bottom:var(--wp--preset--spacing--50);font-style:normal;font-weight:400\" class=\"wp-block-list\">\n<li style=\"margin-top:var(--wp--preset--spacing--40);margin-bottom:var(--wp--preset--spacing--40)\"><br\/>on <strong>puolueeton ja uskonnoton<\/strong> nuoriso- ja koulutuspoliittinen j\u00e4rjest\u00f6, joka ty\u00f6skentelee ruotsinkielisten koululaisten arjen parantamiseksi.<\/li>\n\n\n\n<li style=\"margin-top:var(--wp--preset--spacing--40);margin-bottom:var(--wp--preset--spacing--40)\">Koostuu <strong>peruskoulun yl\u00e4asteiden oppilaista<\/strong>, sek\u00e4 <strong>lukioiden<\/strong>, <strong>ammattikoulujen <\/strong> ja <strong>kansanopistojen opiskelijoista<\/strong><\/li>\n\n\n\n<li style=\"margin-top:var(--wp--preset--spacing--40);margin-bottom:var(--wp--preset--spacing--40)\"><strong>Perustettu vuonna 1921<\/strong> ja yll\u00e4pit\u00e4\u00e4 edelleen aktiivista toimintaa koko ruotsinkielisess\u00e4 Suomessa<\/li>\n\n\n\n<li style=\"margin-top:var(--wp--preset--spacing--40);margin-bottom:var(--wp--preset--spacing--40)\">Ainoa j\u00e4rjest\u00f6, jonka toiminta kyseiselle kohderyhm\u00e4lle on <strong> ruotsiksi Suomessa <\/strong><\/li>\n\n\n\n<li style=\"margin-top:var(--wp--preset--spacing--40);margin-bottom:var(--wp--preset--spacing--40)\">Ainoa j\u00e4rjest\u00f6 suomessa, joka edustaa peruskoululaisia<\/li>\n\n\n\n<li style=\"margin-top:var(--wp--preset--spacing--40);margin-bottom:var(--wp--preset--spacing--40)\">Ainoa j\u00e4rjest\u00f6, joka kokoaa koululaiset yhteen riippumatta kouluasteesta tai koulutusalasta<\/li>\n<\/ul>\n<\/div>\n<\/details>\n\n\n\n<details class=\"wp-block-details has-custom-fss-webb-blue-background-color has-text-color has-background has-link-color wp-elements-e541b750bf2ff80814f94b30c4e1f58c is-layout-flow wp-block-details-is-layout-flow\" style=\"color:#f8f8f8;padding-top:var(--wp--preset--spacing--40);padding-right:var(--wp--preset--spacing--40);padding-bottom:var(--wp--preset--spacing--40);padding-left:var(--wp--preset--spacing--40);font-size:2em;font-style:normal;font-weight:700\"><summary>Mit\u00e4 FSS tekee?<\/summary>\n<div class=\"wp-block-group has-small-font-size has-global-padding is-layout-constrained wp-block-group-is-layout-constrained\" style=\"font-style:normal;font-weight:400\">\n<h3 class=\"wp-block-heading has-medium-font-size\"><strong>Tapahtumat<\/strong><\/h3>\n\n\n\n<p>J\u00e4rjest\u00e4mme useita tapahtumia koululaisille ja aktiivisille j\u00e4senille. Vuodessa j\u00e4rjest\u00e4mme useita tapahtumia, kuten kick-offit, koulutusviikonloput, gl\u00f6gitreffit, Huippukokouksen, vuosikokouksen ja vuosittaisen Kulttuurikarnevaalin, josta on nopeasti noussut vastaava tapahtuma perinteisen Stafettkarnevaalin rinnalle. Lis\u00e4tietoa tapahtumistamme &gt;&gt;<\/p>\n\n\n\n<h3 class=\"wp-block-heading\"><strong><a href=\"https:\/\/www.skolungdom.fi\/fi\/jasenyys\/opiskelijakortti\/\" class=\"ek-link\">Opiskelijakortti<\/a><\/strong><\/h3>\n\n\n\n<p>FSS j\u00e4senen\u00e4 saat opiskelijakortin, jolla saat opiskelija-alennuksia esimerkiksi joukkoliikenteess\u00e4, elokuvateattereissa, salongeissa, uimahalleissa ja monissa muissa paikoissa. Teemme yhteisty\u00f6t\u00e4 Oy FRANK Students Ab kanssa tarjotaksemme mahdollisimman hyv\u00e4t ja monipuoliset edut j\u00e4senillemme. <a href=\"https:\/\/www.skolungdom.fi\/fi\/jasenyys\/\" class=\"ek-link\">Lis\u00e4tietoja opiskelijakorteista ja j\u00e4senyydest\u00e4  &gt;&gt;<\/a><\/p>\n\n\n\n<h3 class=\"wp-block-heading\"><strong><a href=\"https:\/\/www.skolungdom.fi\/fi\/jasenyys\/\" class=\"ek-link\">Muut j\u00e4senedut<\/a><\/strong><\/h3>\n\n\n\n<p>Liittym\u00e4ll\u00e4 j\u00e4rjest\u00f6n j\u00e4seneksi saat:<\/p>\n\n\n\n<ul class=\"wp-block-list\">\n<li>J\u00e4senlehti Elevbladetin kaksi kertaa vuodessa<\/li>\n\n\n\n<li>Lukuvuosikalenterin (vapaaehtoinen)<\/li>\n\n\n\n<li>Alennuksia tapahtumista ja muista palveluista<\/li>\n\n\n\n<li>Mahdollisuuden osallistua j\u00e4rjest\u00f6n p\u00e4\u00e4t\u00f6ksentekoon<\/li>\n<\/ul>\n\n\n\n<h3 class=\"wp-block-heading\"><strong><a href=\"https:\/\/www.skolungdom.fi\/fi\/vaikuttaminen\/\" class=\"ek-link\">Edunvalvonta ja lobbaus<\/a><\/strong><\/h3>\n\n\n\n<p>Ty\u00f6skentelemme ruotsinkielisten koululaisten arjen parantamiseksi ja valvomme heid\u00e4n etujen toteutumista. Olemme aktiivisia yhteiskunnallisessa keskustelussa ja mediassa, kommentoimme lakiehdotuksia kirjallisesti sek\u00e4 eduskunnan eri valiokunnissa, ja osallistumme ty\u00f6ryhmiin, jotka k\u00e4sittelev\u00e4t koulutuspoliittisia kysymyksi\u00e4. Tuomme koululaisten \u00e4\u00e4nen kuuluviin asiaankuuluvissa seminaareissa ja muissa tapahtumissa, sek\u00e4 koulutamme p\u00e4\u00e4tt\u00e4ji\u00e4 ja kouluhenkil\u00f6st\u00f6\u00e4 kouludemokratiasta.<\/p>\n\n\n\n<h3 class=\"wp-block-heading\"><strong><a href=\"https:\/\/www.skolungdom.fi\/fi\/vaikuttaminen\/\" class=\"ek-link\">Harrastustoiminta ja edunvalvontamahdollisuudet<\/a><\/strong><\/h3>\n\n\n\n<p>FSS:ll\u00e4 on useita toimikuntia, jotka ty\u00f6skentelev\u00e4t kansainv\u00e4lisen yhteisty\u00f6n, kouluvierailujen, koulutusten, tapahtumien, edunvalvonnan ja EBL-lehden parissa. Osallistuminen toimikuntiin on erinomainen tapa olla aktiivinen j\u00e4rjest\u00f6mme toiminnassa, ja kaikille l\u00f6ytyy jotain. Lis\u00e4tietoa toimikunnista &gt;&gt; <\/p>\n\n\n\n<h3 class=\"wp-block-heading\"><strong><a href=\"https:\/\/www.skolungdom.fi\/fi\/meista\/vuosikokous-erik\/\" class=\"ek-link\">Oppilaiden p\u00e4iv\u00e4 (ERIK)<\/a><\/strong><\/h3>\n\n\n\n<p>ERIK on FSS j\u00e4rjest\u00f6n vuosikokous ja sen ylin p\u00e4\u00e4tt\u00e4v\u00e4 elin. Kokouksessa k\u00e4sitell\u00e4\u00e4n koulutuspoliittisia aiheita, ja kaikki FSS j\u00e4senet ovat tervetulleita osallistumaan ja \u00e4\u00e4nest\u00e4m\u00e4\u00e4n. ERIK:iss\u00e4 valitsemme uuden hallituksen ja puheenjohtajiston, hyv\u00e4ksymme tulosohjausasiakirjat ja keskustelemme t\u00e4rkeist\u00e4 aiheista. Ensimm\u00e4inen koululaisten eduskunta nykyisess\u00e4 muodossaan j\u00e4rjestettiin vuonna 1955.<\/p>\n\n\n\n<h3 class=\"wp-block-heading\"><strong>Yhteisty\u00f6<\/strong><\/h3>\n\n\n\n<p>Olemme aktiivisessa yhteisty\u00f6ss\u00e4 muiden suomalaisten opiskelijaj\u00e4rjest\u00f6jen ja toimijoiden kanssa. Olemme aktiivisia j\u00e4seni\u00e4 F\u00f6rbundsarenanissa ja Suomen nuorisoalan kattoj\u00e4rjest\u00f6 Alliansissa. Kansainv\u00e4lisesti teemme yhteisty\u00f6t\u00e4 eurooppalaisen kattoj\u00e4rjest\u00f6mme OBESSU (Organising Bureau of European School Student Unions) kanssa ja pid\u00e4mme yhteytt\u00e4 pohjoismaisiin sisarj\u00e4rjest\u00f6ihimme.<\/p>\n<\/div>\n<\/details>\n<\/div>\n\n<hr class=\"wp-block-separator has-alpha-channel-opacity\"\/>\n\n<div class=\"wp-block-group has-global-padding is-layout-constrained wp-container-core-group-is-layout-7a3688e9 wp-block-group-is-layout-constrained\">\n<h2 class=\"wp-block-heading has-text-align-center\" style=\"margin-bottom:var(--wp--preset--spacing--80);font-size:50px;text-transform:uppercase\">Yhteisty\u00f6kumppanit<\/h2>\n\n\n\n<div class=\"wp-block-group is-layout-grid wp-container-core-group-is-layout-adde7d5e wp-block-group-is-layout-grid\" style=\"margin-top:0;margin-bottom:0\">\n<div style=\"aspect-ratio:3\/2;min-height:unset;\" class=\"wp-block-cover has-parallax wp-container-content-e7279f90 has-aspect-ratio\"><span aria-hidden=\"true\" class=\"wp-block-cover__background has-background-dim\" style=\"background-color:#4b2521\"><\/span><div class=\"wp-block-cover__image-background wp-image-9532 has-parallax\" style=\"background-position:50% 50%;background-image:url(https:\/\/www.skolungdom.fi\/wp-content\/uploads\/2024\/10\/AGT24_240208_220836_NikiSoukkio_0011-scaled-e1723539037856.jpg)\"><\/div><div class=\"wp-block-cover__inner-container is-layout-flow wp-block-cover-is-layout-flow\">\n<figure class=\"wp-block-image alignwide size-full\" style=\"margin-right:var(--wp--preset--spacing--70);margin-left:var(--wp--preset--spacing--70)\"><img data-dominant-color=\"ffffff\" data-has-transparency=\"true\" style=\"--dominant-color: #ffffff;\" loading=\"lazy\" decoding=\"async\" width=\"1024\" height=\"540\" src=\"https:\/\/www.skolungdom.fi\/wp-content\/uploads\/2024\/12\/AGT_LOGO2020valk-1-1024x1024-1-e1733148125445.png\" alt=\"\" class=\"wp-image-9852 has-transparency\" srcset=\"https:\/\/www.skolungdom.fi\/wp-content\/uploads\/2024\/12\/AGT_LOGO2020valk-1-1024x1024-1-e1733148125445.png 1024w, https:\/\/www.skolungdom.fi\/wp-content\/uploads\/2024\/12\/AGT_LOGO2020valk-1-1024x1024-1-e1733148125445-300x158.png 300w, https:\/\/www.skolungdom.fi\/wp-content\/uploads\/2024\/12\/AGT_LOGO2020valk-1-1024x1024-1-e1733148125445-768x405.png 768w\" sizes=\"auto, (max-width: 1024px) 100vw, 1024px\" \/><\/figure>\n<\/div><\/div>\n\n\n\n<div class=\"wp-block-group wp-container-content-9c069bba is-vertical is-layout-flex wp-container-core-group-is-layout-3f72a8ca wp-block-group-is-layout-flex\" style=\"padding-left:var(--wp--preset--spacing--80)\">\n<h2 class=\"wp-block-heading has-large-font-size\">OLETKO VALMIS?  <\/h2>\n\n\n\n<p>Tuhansia abiturientteja eri puolilta Suomea. Ilmi\u00f6ksi muodostunut AGT on jotain, joka jokaisen opiskelijan tulisi kokea. Miss\u00e4\u00e4n muualla maailmassa opiskelijat eiv\u00e4t matkusta toiseen maahan juhlimaan! Otamme opiskelijat vuosittain mukaan matkan suunnitteluun ja ker\u00e4\u00e4mme aktiivisesti palautetta, jotta voimme vuosi vuodelta kehitty\u00e4 paremmiksi. Jos sinulla on ehdotuksia, l\u00e4het\u00e4 meille viesti\u00e4.    <\/p>\n\n\n\n<p>FSS tekee yhteisty\u00f6t\u00e4 AGT:n kanssa markkinoinnin ja kilpailun kautta, jossa FSS:n j\u00e4senet voivat voittaa luksussviitin!<\/p>\n\n\n\n<div class=\"wp-block-buttons is-layout-flex wp-block-buttons-is-layout-flex\">\n<div class=\"wp-block-button\"><a class=\"wp-block-button__link has-white-color has-text-color has-background has-link-color wp-element-button\" href=\"http:\/\/agt.fi\" style=\"background-color:#c81f1f\"><strong>Lue lis\u00e4\u00e4 AGT:st\u00e4<\/strong><\/a><\/div>\n<\/div>\n<\/div>\n\n\n\n<div class=\"wp-block-group wp-container-content-b6cac8c6 has-global-padding is-layout-constrained wp-block-group-is-layout-constrained\">\n<div style=\"height:44px\" aria-hidden=\"true\" class=\"wp-block-spacer\"><\/div>\n<\/div>\n\n\n\n<div class=\"wp-block-group wp-container-content-9c069bba is-vertical is-layout-flex wp-container-core-group-is-layout-d7359ae7 wp-block-group-is-layout-flex\" style=\"padding-right:var(--wp--preset--spacing--80)\">\n<h2 class=\"wp-block-heading has-large-font-size\">Ole muutos!<\/h2>\n\n\n\n<p><strong>T\u00e4m\u00e4 on kev\u00e4t<\/strong> &#8211; <strong>ideakilpailu 15-19-vuotiaille nuorille.<\/strong><\/p>\n\n\n\n<p><strong>Maailma muuttuu jatkuvasti, mutta onneksi se voi muuttua my\u00f6s parempaan suuntaan.  <br\/>Kev\u00e4t antaa sinulle mahdollisuuden vaikuttaa sinulle t\u00e4rkeisiin asioihin.<\/strong><\/p>\n\n\n\n<p>Nuoret voivat osallistua Springiin 3-5 hengen ryhmiss\u00e4. L\u00e4het\u00e4 ideasi, jonka tavoitteena on ratkaista suuri kansainv\u00e4linen ongelma, vastata paikalliseen kysymykseen tai luoda t\u00e4ysin uusia mahdollisuuksia. Ideakilpailun voittajat palkitaan kes\u00e4ty\u00f6paikalla ja opintomatkalla Euroopassa, jonka aikana voit kehitt\u00e4\u00e4 ideastasi jotain konkreettista.  <\/p>\n\n\n\n<div class=\"wp-block-buttons is-layout-flex wp-block-buttons-is-layout-flex\">\n<div class=\"wp-block-button\"><a class=\"wp-block-button__link has-custom-fss-webb-bg-color has-text-color has-background has-link-color wp-element-button\" href=\"https:\/\/thisisspring.fi\/sv\/etusivu-svenska\/\" style=\"background-color:#e8ff00\" target=\"_blank\" rel=\"noreferrer noopener\"><strong>Lue lis\u00e4\u00e4 SPRINGist\u00e4<\/strong><\/a><\/div>\n<\/div>\n<\/div>\n\n\n\n<div class=\"wp-block-cover has-parallax wp-container-content-e7279f90\"><span aria-hidden=\"true\" class=\"wp-block-cover__background has-background-dim\" style=\"background-color:#080808\"><\/span><div class=\"wp-block-cover__image-background wp-image-9891 has-parallax\" style=\"background-position:50% 50%;background-image:url(https:\/\/www.skolungdom.fi\/wp-content\/uploads\/2024\/12\/Spring-suorakulmakuva-2.png)\"><\/div><div class=\"wp-block-cover__inner-container is-layout-flow wp-block-cover-is-layout-flow\">\n<div class=\"wp-block-group has-global-padding is-layout-constrained wp-block-group-is-layout-constrained\">\n<figure class=\"wp-block-image alignfull size-full\"><img data-dominant-color=\"748700\" data-has-transparency=\"true\" style=\"--dominant-color: #748700;\" loading=\"lazy\" decoding=\"async\" width=\"710\" height=\"250\" src=\"https:\/\/www.skolungdom.fi\/wp-content\/uploads\/2024\/12\/logo-animation.gif\" alt=\"\" class=\"wp-image-9895 has-transparency\"\/><\/figure>\n<\/div>\n<\/div><\/div>\n<\/div>\n<\/div>\n\n<div style=\"height:22px\" aria-hidden=\"true\" class=\"wp-block-spacer\"><\/div>\n\n<div class=\"wp-block-group has-background has-global-padding is-layout-constrained wp-block-group-is-layout-constrained\" style=\"background-color:#272727\">\n<div class=\"wp-block-group is-layout-grid wp-container-core-group-is-layout-45addfb6 wp-block-group-is-layout-grid\" style=\"margin-top:var(--wp--preset--spacing--70);margin-bottom:var(--wp--preset--spacing--70)\">\n<h2 class=\"wp-block-heading has-text-align-center has-text-color has-link-color wp-elements-090d0828fdd6468cc196f8eb0da5a129 wp-container-content-66de4600\" style=\"color:#f8f8f8\">Lue lis\u00e4\u00e4:<\/h2>\n\n\n\n<div style=\"aspect-ratio:16\/9;min-height:unset;\" class=\"wp-block-cover ek-linked-block ek-linked-block-animate has-white-color has-text-color has-link-color has-small-font-size wp-elements-b52f25cf927ba447e4e7c68c79c2d1bd wp-container-content-6022eb05 has-aspect-ratio\"><span aria-hidden=\"true\" class=\"wp-block-cover__background has-custom-fss-red-background-color has-background-dim-100 has-background-dim\"><\/span><div class=\"wp-block-cover__inner-container has-global-padding is-layout-constrained wp-block-cover-is-layout-constrained\">\n<p class=\"has-text-align-center\" style=\"font-size:1.4em\"><a href=\"https:\/\/www.skolungdom.fi\/fi\/meista\/vuosikokous-erik\/\" data-type=\"page\" data-id=\"7983\">Vuosikokous ERIK<\/a><\/p>\n<\/div><\/div>\n\n\n\n<div style=\"aspect-ratio:16\/9;min-height:unset;\" class=\"wp-block-cover ek-linked-block ek-linked-block-animate has-link-color has-small-font-size wp-elements-6ec3f4bb505c8f203a9332680d423722 wp-container-content-6022eb05 has-aspect-ratio\"><span aria-hidden=\"true\" class=\"wp-block-cover__background has-custom-fss-red-background-color has-background-dim-100 has-background-dim\"><\/span><div class=\"wp-block-cover__inner-container has-global-padding is-layout-constrained wp-block-cover-is-layout-constrained\">\n<p class=\"has-text-align-center\" style=\"font-size:1.4em;line-height:1.2\"><a href=\"http:\/\/kulturkarnevalen.fi\">Kulttuuri<br\/><\/a><a href=\"http:\/\/kulturkarnevalen.fi\" target=\"_blank\" rel=\"noreferrer noopener\">karnevaali<\/a><\/p>\n<\/div><\/div>\n\n\n\n<div style=\"aspect-ratio:16\/9;min-height:unset;\" class=\"wp-block-cover ek-linked-block ek-linked-block-animate has-link-color has-small-font-size wp-elements-be79a3918c25a9a3c839e8e07788524e wp-container-content-6022eb05 has-aspect-ratio\"><span aria-hidden=\"true\" class=\"wp-block-cover__background has-custom-fss-red-background-color has-background-dim-100 has-background-dim\"><\/span><div class=\"wp-block-cover__inner-container has-global-padding is-layout-constrained wp-block-cover-is-layout-constrained\">\n<p class=\"has-text-align-center\" style=\"font-size:1.4em\"><a href=\"http:\/\/elevbladet.fi\" target=\"_blank\" rel=\"noreferrer noopener\">Elevbladet<\/a><\/p>\n<\/div><\/div>\n\n\n\n<div style=\"aspect-ratio:16\/9;min-height:unset;\" class=\"wp-block-cover is-light ek-linked-block ek-linked-block-animate has-custom-fss-webb-bg-color has-text-color has-link-color has-medium-font-size uag-hide-desktop uag-hide-tab uag-hide-mob wp-elements-24770eb62e9aa16a2c39fa5684a9ec43 wp-container-content-f35572eb has-aspect-ratio\"><span aria-hidden=\"true\" class=\"wp-block-cover__background has-custom-fss-yellow-background-color has-background-dim-100 has-background-dim\"><\/span><div class=\"wp-block-cover__inner-container has-global-padding is-layout-constrained wp-block-cover-is-layout-constrained\">\n<p class=\"has-text-align-center has-custom-fss-webb-bg-color has-text-color has-link-color wp-elements-61f9d35906502b5db18708924fd22e18\" style=\"font-size:1.4em;line-height:1.4\"><span><a style=\"font-weight: bold;\" href=\"#\" target=\"_blank\" rel=\"noreferrer noopener\">Yhteisty\u00f6kumppaneille<\/a><\/span><\/p>\n<\/div><\/div>\n\n\n\n<div style=\"aspect-ratio:16\/9;min-height:unset;\" class=\"wp-block-cover is-light ek-linked-block ek-linked-block-animate has-custom-fss-webb-bg-color has-text-color has-link-color has-medium-font-size uag-hide-desktop uag-hide-tab uag-hide-mob wp-elements-cf523fbbbf58153cd80b21c889c6ade4 wp-container-content-f35572eb has-aspect-ratio\"><span aria-hidden=\"true\" class=\"wp-block-cover__background has-custom-fss-yellow-background-color has-background-dim-100 has-background-dim\"><\/span><div class=\"wp-block-cover__inner-container has-global-padding is-layout-constrained wp-block-cover-is-layout-constrained\">\n<p class=\"has-text-align-center has-custom-fss-webb-bg-color has-text-color has-link-color wp-elements-6e1740a2915184c1513e8b5db7ff9a5e\" style=\"font-size:1.4em\"><a href=\"#\" target=\"_blank\" rel=\"noreferrer noopener\"><strong>Medialle<\/strong><\/a><\/p>\n<\/div><\/div>\n\n\n\n<div style=\"aspect-ratio:16\/9;min-height:unset;\" class=\"wp-block-cover ek-linked-block ek-linked-block-animate has-link-color has-small-font-size wp-elements-82ee3d655335fcd77bcc6cb09495645c wp-container-content-6022eb05 has-aspect-ratio\"><span aria-hidden=\"true\" class=\"wp-block-cover__background has-custom-fss-red-background-color has-background-dim-100 has-background-dim\"><\/span><div class=\"wp-block-cover__inner-container has-global-padding is-layout-constrained wp-block-cover-is-layout-constrained\">\n<p class=\"has-text-align-center\" style=\"font-size:1.4em\"><a href=\"https:\/\/www.skolungdom.fi\/om-fss\/fss-historia\/\" data-type=\"page\" data-id=\"8013\">FSS Historiaa<\/a><\/p>\n<\/div><\/div>\n\n\n\n<div style=\"aspect-ratio:16\/9;min-height:unset;\" class=\"wp-block-cover ek-linked-block ek-linked-block-animate has-link-color has-small-font-size wp-elements-1039618381f4f0f6d4ce07539bed17f4 wp-container-content-6022eb05 has-aspect-ratio\"><span aria-hidden=\"true\" class=\"wp-block-cover__background has-custom-fss-red-background-color has-background-dim-100 has-background-dim\"><\/span><div class=\"wp-block-cover__inner-container has-global-padding is-layout-constrained wp-block-cover-is-layout-constrained\">\n<p class=\"has-text-align-center\" style=\"font-size:1.4em\"><a href=\"https:\/\/www.skolungdom.fi\/jobba-for-fss\/\" data-type=\"page\" data-id=\"7905\">T\u00f6ihin FSS:lle<\/a><\/p>\n<\/div><\/div>\n\n\n\n<div style=\"aspect-ratio:16\/9;min-height:unset;\" class=\"wp-block-cover ek-linked-block ek-linked-block-animate has-link-color has-small-font-size wp-elements-e2b43610afea451c2610dd6feef67236 wp-container-content-6022eb05 has-aspect-ratio\"><span aria-hidden=\"true\" class=\"wp-block-cover__background has-custom-fss-red-background-color has-background-dim-100 has-background-dim\"><\/span><div class=\"wp-block-cover__inner-container has-global-padding is-layout-constrained wp-block-cover-is-layout-constrained\">\n<p class=\"has-text-align-center\" style=\"font-size:1.4em\"><a href=\"https:\/\/www.skolungdom.fi\/fi\/meista\/hallinto\/\" data-type=\"page\" data-id=\"8211\">Hallinto<\/a><\/p>\n<\/div><\/div>\n<\/div>\n\n\n\n<p><\/p>\n<\/div>\n","protected":false},"excerpt":{"rendered":"<p>FSS valvoo ruotsinkielisten oppilaiden ja opiskelijoiden etuja Suomessa ja on vaikutuskanava nuoriso- ja koulutuspoliittisissa kysymyksiss\u00e4. Tuemme ja koulutamme oppilas- ja opiskelijakuntia koko ruotsinkielisess\u00e4 Suomessa. FSS on puolueeton ja uskonnoton. <\/p>\n","protected":false},"author":1,"featured_media":8705,"parent":0,"menu_order":0,"comment_status":"closed","ping_status":"closed","template":"","meta":{"_uag_custom_page_level_css":"","_EventAllDay":false,"_EventTimezone":"","_EventStartDate":"","_EventEndDate":"","_EventStartDateUTC":"","_EventEndDateUTC":"","_EventShowMap":false,"_EventShowMapLink":false,"_EventURL":"","_EventCost":"","_EventCostDescription":"","_EventCurrencySymbol":"","_EventCurrencyCode":"","_EventCurrencyPosition":"","_EventDateTimeSeparator":"","_EventTimeRangeSeparator":"","_EventOrganizerID":[],"_EventVenueID":[],"_OrganizerEmail":"","_OrganizerPhone":"","_OrganizerWebsite":"","_VenueAddress":"","_VenueCity":"","_VenueCountry":"","_VenueProvince":"","_VenueState":"","_VenueZip":"","_VenuePhone":"","_VenueURL":"","_VenueStateProvince":"","_VenueLat":"","_VenueLng":"","_VenueShowMap":false,"_VenueShowMapLink":false,"footnotes":""},"class_list":["post-8838","page","type-page","status-publish","has-post-thumbnail","hentry"],"uagb_featured_image_src":{"full":["https:\/\/www.skolungdom.fi\/wp-content\/uploads\/2024\/06\/53146667242_cabedcf15f_k.jpg",2048,1505,false],"thumbnail":["https:\/\/www.skolungdom.fi\/wp-content\/uploads\/2024\/06\/53146667242_cabedcf15f_k-150x150.jpg",150,150,true],"medium":["https:\/\/www.skolungdom.fi\/wp-content\/uploads\/2024\/06\/53146667242_cabedcf15f_k-300x220.jpg",300,220,true],"medium_large":["https:\/\/www.skolungdom.fi\/wp-content\/uploads\/2024\/06\/53146667242_cabedcf15f_k-768x564.jpg",768,564,true],"large":["https:\/\/www.skolungdom.fi\/wp-content\/uploads\/2024\/06\/53146667242_cabedcf15f_k-1024x753.jpg",1024,753,true],"1536x1536":["https:\/\/www.skolungdom.fi\/wp-content\/uploads\/2024\/06\/53146667242_cabedcf15f_k-1536x1129.jpg",1536,1129,true],"2048x2048":["https:\/\/www.skolungdom.fi\/wp-content\/uploads\/2024\/06\/53146667242_cabedcf15f_k.jpg",2048,1505,false],"mailpoet_newsletter_max":["https:\/\/www.skolungdom.fi\/wp-content\/uploads\/2024\/06\/53146667242_cabedcf15f_k-1320x970.jpg",1320,970,true]},"uagb_author_info":{"display_name":"webmaster","author_link":"https:\/\/www.skolungdom.fi\/fi\/author\/webmaster\/"},"uagb_comment_info":0,"uagb_excerpt":"FSS valvoo ruotsinkielisten oppilaiden ja opiskelijoiden etuja Suomessa ja on vaikutuskanava nuoriso- ja koulutuspoliittisissa kysymyksiss\u00e4. Tuemme ja koulutamme oppilas- ja opiskelijakuntia koko ruotsinkielisess\u00e4 Suomessa. FSS on puolueeton ja uskonnoton.","_links":{"self":[{"href":"https:\/\/www.skolungdom.fi\/fi\/wp-json\/wp\/v2\/pages\/8838","targetHints":{"allow":["GET"]}}],"collection":[{"href":"https:\/\/www.skolungdom.fi\/fi\/wp-json\/wp\/v2\/pages"}],"about":[{"href":"https:\/\/www.skolungdom.fi\/fi\/wp-json\/wp\/v2\/types\/page"}],"author":[{"embeddable":true,"href":"https:\/\/www.skolungdom.fi\/fi\/wp-json\/wp\/v2\/users\/1"}],"replies":[{"embeddable":true,"href":"https:\/\/www.skolungdom.fi\/fi\/wp-json\/wp\/v2\/comments?post=8838"}],"version-history":[{"count":5,"href":"https:\/\/www.skolungdom.fi\/fi\/wp-json\/wp\/v2\/pages\/8838\/revisions"}],"predecessor-version":[{"id":10114,"href":"https:\/\/www.skolungdom.fi\/fi\/wp-json\/wp\/v2\/pages\/8838\/revisions\/10114"}],"wp:featuredmedia":[{"embeddable":true,"href":"https:\/\/www.skolungdom.fi\/fi\/wp-json\/wp\/v2\/media\/8705"}],"wp:attachment":[{"href":"https:\/\/www.skolungdom.fi\/fi\/wp-json\/wp\/v2\/media?parent=8838"}],"curies":[{"name":"wp","href":"https:\/\/api.w.org\/{rel}","templated":true}]}}