{"id":8840,"date":"2024-06-05T11:30:23","date_gmt":"2024-06-05T08:30:23","guid":{"rendered":"https:\/\/fss.lindvikmedia.space\/meista\/vuosikokous-erik\/"},"modified":"2024-06-24T16:18:29","modified_gmt":"2024-06-24T13:18:29","slug":"vuosikokous-erik","status":"publish","type":"page","link":"https:\/\/www.skolungdom.fi\/fi\/vuosikokous-erik\/","title":{"rendered":"Vuosikokous ERIK"},"content":{"rendered":"\n<div class=\"wp-block-group is-layout-flow wp-block-group-is-layout-flow\" style=\"padding-top:0;padding-right:0;padding-bottom:0;padding-left:0\">\n<div class=\"wp-block-media-text has-media-on-the-right is-stacked-on-mobile is-vertically-aligned-center is-image-fill has-custom-fss-yellow-background-color has-background\" style=\"margin-top:0px;margin-bottom:0px;padding-top:0px;padding-bottom:0px\"><div class=\"wp-block-media-text__content\">\n<div class=\"wp-block-group has-global-padding is-layout-constrained wp-container-core-group-is-layout-34cbdb0c wp-block-group-is-layout-constrained\" style=\"margin-top:0;margin-bottom:0;padding-top:var(--wp--preset--spacing--50);padding-bottom:var(--wp--preset--spacing--50);padding-left:var(--wp--preset--spacing--40)\">\n<h3 class=\"wp-block-heading has-black-color has-text-color has-link-color wp-elements-b4ac3bfa2efe68b9b8c72390ef7e4ba9\"><strong>Koululaisten eduskunta ERIK on<\/strong><\/h3>\n\n\n\n<ul style=\"margin-top:var(--wp--preset--spacing--30);margin-bottom:var(--wp--preset--spacing--30)\" class=\"has-black-color has-text-color has-link-color wp-block-list wp-elements-a3f5babb0f0b69807935c46e13131e97\">\n<li style=\"padding-top:0;padding-bottom:0\"><strong>FSS vuosikokous<\/strong><\/li>\n\n\n\n<li>Se on loistava paikka <strong>vaikuttaa<\/strong> nuoriso- ja koulutuspolitiikkaan FSS j\u00e4rjest\u00f6n kautta.<\/li>\n\n\n\n<li>Lis\u00e4ksi siell\u00e4 tapaa uusia ihmisi\u00e4 ja saa halutessaan harjoiteltua v\u00e4ittelytaitoja. <\/li>\n\n\n\n<li>ERIK on yksi vuoden kohokohdista!<\/li>\n<\/ul>\n<\/div>\n<\/div><figure class=\"wp-block-media-text__media\" style=\"background-image:url(https:\/\/www.skolungdom.fi\/wp-content\/uploads\/2024\/06\/53695931285_33495c768d_k-682x1024.jpg);background-position:50% 50%\"><img loading=\"lazy\" decoding=\"async\" width=\"682\" height=\"1024\" src=\"https:\/\/www.skolungdom.fi\/wp-content\/uploads\/2024\/06\/53695931285_33495c768d_k-682x1024.jpg\" alt=\"\" class=\"wp-image-8007 size-full\" srcset=\"https:\/\/www.skolungdom.fi\/wp-content\/uploads\/2024\/06\/53695931285_33495c768d_k-682x1024.jpg 682w, https:\/\/www.skolungdom.fi\/wp-content\/uploads\/2024\/06\/53695931285_33495c768d_k-200x300.jpg 200w, https:\/\/www.skolungdom.fi\/wp-content\/uploads\/2024\/06\/53695931285_33495c768d_k-768x1152.jpg 768w, https:\/\/www.skolungdom.fi\/wp-content\/uploads\/2024\/06\/53695931285_33495c768d_k-1024x1536.jpg 1024w, https:\/\/www.skolungdom.fi\/wp-content\/uploads\/2024\/06\/53695931285_33495c768d_k-1320x1980.jpg 1320w, https:\/\/www.skolungdom.fi\/wp-content\/uploads\/2024\/06\/53695931285_33495c768d_k.jpg 1333w\" sizes=\"auto, (max-width: 682px) 100vw, 682px\" \/><\/figure><\/div>\n\n\n\n<div class=\"wp-block-media-text is-stacked-on-mobile is-vertically-aligned-center is-image-fill has-custom-fss-yellow-background-color has-background\" style=\"margin-top:0px;margin-bottom:0px;padding-top:0px;padding-bottom:0px\"><figure class=\"wp-block-media-text__media\" style=\"background-image:url(https:\/\/www.skolungdom.fi\/wp-content\/uploads\/2024\/06\/53694597897_ca604ba43d_c.jpg);background-position:52% 65%\"><img loading=\"lazy\" decoding=\"async\" width=\"800\" height=\"533\" src=\"https:\/\/www.skolungdom.fi\/wp-content\/uploads\/2024\/06\/53694597897_ca604ba43d_c.jpg\" alt=\"\" class=\"wp-image-8008 size-full\" srcset=\"https:\/\/www.skolungdom.fi\/wp-content\/uploads\/2024\/06\/53694597897_ca604ba43d_c.jpg 800w, https:\/\/www.skolungdom.fi\/wp-content\/uploads\/2024\/06\/53694597897_ca604ba43d_c-300x200.jpg 300w, https:\/\/www.skolungdom.fi\/wp-content\/uploads\/2024\/06\/53694597897_ca604ba43d_c-768x512.jpg 768w\" sizes=\"auto, (max-width: 800px) 100vw, 800px\" \/><\/figure><div class=\"wp-block-media-text__content\">\n<div class=\"wp-block-group has-global-padding is-layout-constrained wp-container-core-group-is-layout-2aa53169 wp-block-group-is-layout-constrained\" style=\"margin-top:0;margin-bottom:0;padding-top:var(--wp--preset--spacing--50);padding-bottom:var(--wp--preset--spacing--50);padding-left:var(--wp--preset--spacing--50)\">\n<div style=\"height:0px\" aria-hidden=\"true\" class=\"wp-block-spacer\"><\/div>\n\n\n\n<h3 class=\"wp-block-heading has-black-color has-text-color has-link-color wp-elements-40aca11366f7c915d01e17027ad8af6c\"><strong>Kuka voi osallistua ERIK:iin?<\/strong><\/h3>\n\n\n\n<ul class=\"has-black-color has-text-color has-link-color wp-block-list wp-elements-5302db66925d9ddca3bc23fa26e3ab0d\">\n<li>Kaikki ruotsinkieliset koululaiset, toivomme laajaa maantieteellist\u00e4, ik\u00e4- ja koulukirjoa.<\/li>\n\n\n\n<li>Peruskoulun yl\u00e4asteiden oppilaat, toisen asteen opiskelijat ja kansanopiston opiskelijat. <\/li>\n\n\n\n<li>FSS j\u00e4senet, mik\u00e4 on my\u00f6s vaatimus \u00e4\u00e4nioikeuden saamiseksi. Jos et ole viel\u00e4 j\u00e4sen, voit liitty\u00e4 t\u00e4\u00e4lt\u00e4! Jos et ole viel\u00e4 j\u00e4sen, voit liitty\u00e4 j\u00e4seneksi t\u00e4\u00e4ll\u00e4!<\/li>\n<\/ul>\n\n\n\n<div style=\"height:40px\" aria-hidden=\"true\" class=\"wp-block-spacer\"><\/div>\n<\/div>\n<\/div><\/div>\n\n\n\n<div class=\"wp-block-media-text has-media-on-the-right is-stacked-on-mobile is-vertically-aligned-center is-image-fill has-custom-fss-yellow-background-color has-background\" style=\"margin-top:0px;margin-bottom:0px;padding-top:0px;padding-bottom:0px\"><div class=\"wp-block-media-text__content\">\n<div class=\"wp-block-group has-global-padding is-layout-constrained wp-container-core-group-is-layout-34cbdb0c wp-block-group-is-layout-constrained\" style=\"margin-top:0;margin-bottom:0;padding-top:var(--wp--preset--spacing--50);padding-bottom:var(--wp--preset--spacing--50);padding-left:var(--wp--preset--spacing--40)\">\n<h3 class=\"wp-block-heading has-black-color has-text-color has-link-color wp-elements-361af302f83d473003d64cba54ee22a5\"><strong><strong>Mit\u00e4 ERIK:iss\u00e4 tapahtuu?<\/strong><\/strong><\/h3>\n\n\n\n<ul style=\"margin-top:var(--wp--preset--spacing--30);margin-bottom:var(--wp--preset--spacing--30)\" class=\"has-black-color has-text-color has-link-color wp-block-list wp-elements-681d2fc5376118c3cc929d161e1a5a53\">\n<li>L\u00e4pik\u00e4ynti edellisen vuoden tapahtumista, mukaan lukien toimintakertomus, tilinp\u00e4\u00e4t\u00f6s ja tilintarkastuskertomus.<\/li>\n\n\n\n<li>\u00c4\u00e4nestys muutosehdotuksista, keskustellaan ja hyv\u00e4ksyt\u00e4\u00e4n poliittinen ohjelma.<\/li>\n\n\n\n<li>Saapuneiden aloitteiden k\u00e4sittely, jotka koskevat aiheita, joihin FSS keskittyy seuraavana vuonna.<\/li>\n\n\n\n<li>Tulevan vuoden toiminnoista p\u00e4\u00e4tt\u00e4minen, mukaan lukien uusi toimintasuunnitelma ja budjetti.<\/li>\n\n\n\n<li>Uuden hallituksen valinta, joka edustaa ruotsinkielisi\u00e4 koululaisia Suomessa seuraavana vuonna.<\/li>\n\n\n\n<li>T\u00e4rkeist\u00e4 asiakirjoista ja asioista p\u00e4\u00e4tt\u00e4minen. <\/li>\n\n\n\n<li>Guldhattsgaala, jossa palkitaan paras oppilas- tai opiskelijakuntahallitus juhlavissa olosuhteissa.<\/li>\n\n\n\n<li>Mahdollisuus tavata uusia ihmisi\u00e4 ja saada yst\u00e4vi\u00e4 ymp\u00e4ri maata.<\/li>\n\n\n\n<li>Osallistuminen iltaohjelmaan ja erilaisiin hauskoihin aktiviteetteihin, jotka j\u00e4rjestet\u00e4\u00e4n j\u00e4rjest\u00f6n toimikuntien toimesta. <\/li>\n<\/ul>\n<\/div>\n<\/div><figure class=\"wp-block-media-text__media\" style=\"background-image:url(https:\/\/www.skolungdom.fi\/wp-content\/uploads\/2024\/06\/52919850838_7b4c1fa2ef_c.jpg);background-position:66% 73%\"><img loading=\"lazy\" decoding=\"async\" width=\"800\" height=\"533\" src=\"https:\/\/www.skolungdom.fi\/wp-content\/uploads\/2024\/06\/52919850838_7b4c1fa2ef_c.jpg\" alt=\"\" class=\"wp-image-8005 size-full\" srcset=\"https:\/\/www.skolungdom.fi\/wp-content\/uploads\/2024\/06\/52919850838_7b4c1fa2ef_c.jpg 800w, https:\/\/www.skolungdom.fi\/wp-content\/uploads\/2024\/06\/52919850838_7b4c1fa2ef_c-300x200.jpg 300w, https:\/\/www.skolungdom.fi\/wp-content\/uploads\/2024\/06\/52919850838_7b4c1fa2ef_c-768x512.jpg 768w\" sizes=\"auto, (max-width: 800px) 100vw, 800px\" \/><\/figure><\/div>\n\n\n\n<div class=\"wp-block-group has-global-padding is-layout-constrained wp-block-group-is-layout-constrained\" style=\"padding-top:var(--wp--preset--spacing--50);padding-bottom:var(--wp--preset--spacing--50)\">\n<h3 class=\"wp-block-heading has-white-color has-text-color has-link-color wp-elements-23c59b323179668d64bf3a13889d8936\"><strong>Miten j\u00e4senet voivat aktivoitua ennen vuosikokousta?<\/strong><\/h3>\n\n\n\n<ul class=\"has-white-color has-text-color has-link-color wp-block-list wp-elements-e1b24d8c255e0c2f2eb1e8bd7358a69a\">\n<li>L\u00e4hett\u00e4m\u00e4ll\u00e4 yhden tai useamman aloitteen. <\/li>\n\n\n\n<li>Asettumalla ehdolle FSS hallituksen vaaleissa.<\/li>\n<\/ul>\n\n\n\n<h3 class=\"wp-block-heading\"><strong>ERIK j\u00e4rjestet\u00e4\u00e4n<\/strong><\/h3>\n\n\n\n<ul class=\"wp-block-list\">\n<li>Joka kev\u00e4t ennen kes\u00e4kuuta.<\/li>\n\n\n\n<li>Ruotsinkielisess\u00e4 kunnassa, yleens\u00e4 koulussa.<\/li>\n<\/ul>\n\n\n\n<h3 class=\"wp-block-heading\"><strong>Aikaisemmat vuodet<\/strong><\/h3>\n\n\n\n<ul class=\"wp-block-list\">\n<li>P\u00e4\u00e4t\u00f6slauselma 2024<\/li>\n<\/ul>\n\n\n\n<ul class=\"wp-block-list\">\n<li><a href=\"https:\/\/skolungdom.fi\/aktuellt\/resolution-for-elevriksdagen-2023\/\">P\u00e4\u00e4t\u00f6slauselma 2023<\/a><\/li>\n\n\n\n<li><a href=\"https:\/\/skolungdom.fi\/aktuellt\/resolution-for-elevriksdagen-2022\/\">P\u00e4\u00e4t\u00f6slauselma 2022<\/a><\/li>\n\n\n\n<li><a href=\"https:\/\/skolungdom.fi\/aktuellt\/resolution-for-elevriksdagen-erik-2021\/\">P\u00e4\u00e4t\u00f6slauselma 2021<\/a><\/li>\n\n\n\n<li><a href=\"https:\/\/skolungdom.fi\/aktuellt\/tredje-stadiets-antagning-maste-revideras\/\">P\u00e4\u00e4t\u00f6slauselma 2020<\/a><\/li>\n\n\n\n<li><a href=\"https:\/\/skolungdom.fi\/aktuellt\/elevriksdagen-laropliktsaldern-far-inte-hojas\/\">P\u00e4\u00e4t\u00f6slauselma 2019<\/a><\/li>\n\n\n\n<li><a href=\"https:\/\/skolungdom.fi\/aktuellt\/skolungdomarna-fss-ar-ett-feministiskt-forbund\/\">P\u00e4\u00e4t\u00f6slauselma 2018<\/a><\/li>\n\n\n\n<li><a href=\"https:\/\/skolungdom.fi\/aktuellt\/fss-skolungdomarna-kraver-sankt-rostrattsalder\/\">P\u00e4\u00e4t\u00f6slauselma 2017<\/a><\/li>\n<\/ul>\n\n\n\n<p><strong>Onko sinulla viel\u00e4 kysymyksi\u00e4 liittyen Koululaisten eduskunta ERIK:iin?<\/strong><\/p>\n\n\n\n<p>Jos on, ota yhteytt\u00e4 FSS hallitukseen ja henkil\u00f6kuntaan osoitteessa <a href=\"mailto:info@skolungdom.fi\">info@skolungdom.fi. <\/a><\/p>\n\n\n\n<p>Ilmoittautuminen ja lis\u00e4tiedot vuoden vuosikokouksesta julkaistaan vuoden alussa. J\u00e4rjest\u00e4mme my\u00f6s infotilaisuuksia, joissa k\u00e4ymme l\u00e4pi vuosikokouksen perusasiat, joten pysy kuulolla. <\/p>\n\n\n\n<h3 class=\"wp-block-heading\"><strong>Olin Koululaisten eduskunta ERIK:iss\u00e4 ja rakastin sit\u00e4, mit\u00e4 nyt?<\/strong><\/h3>\n\n\n\n<ul class=\"wp-block-list\">\n<li>Anna meille mieluusti palautetta!<\/li>\n\n\n\n<li>Liity <a href=\"https:\/\/skolungdom.fi\/skolungdom\/bli-aktiv\/\">toimikuntaan<\/a> ja aktivoidu j\u00e4rjest\u00f6n toimintaan.<\/li>\n\n\n\n<li>Osallistu <a href=\"https:\/\/skolungdom.fi\/skolungdom\/evenemang\/\">tapahtumiimme<\/a> ja koe uudelleen mahtava FSS-fiilis!<\/li>\n<\/ul>\n<\/div>\n<\/div>\n","protected":false},"excerpt":{"rendered":"<p>ERIK on FSS vuosikokous. ERIKiss\u00e4 muun muassa valitaan yhdistyksen hallitus ja tehd\u00e4\u00e4n kaikki t\u00e4rkeimm\u00e4t p\u00e4\u00e4t\u00f6kset. Lis\u00e4ksi tarjolla on hauskaa iltaharrastusta ja seurustelua eri puolilta Suomea tulevien j\u00e4senten kanssa!<\/p>\n","protected":false},"author":1,"featured_media":0,"parent":0,"menu_order":0,"comment_status":"closed","ping_status":"closed","template":"","meta":{"_uag_custom_page_level_css":"","_EventAllDay":false,"_EventTimezone":"","_EventStartDate":"","_EventEndDate":"","_EventStartDateUTC":"","_EventEndDateUTC":"","_EventShowMap":false,"_EventShowMapLink":false,"_EventURL":"","_EventCost":"","_EventCostDescription":"","_EventCurrencySymbol":"","_EventCurrencyCode":"","_EventCurrencyPosition":"","_EventDateTimeSeparator":"","_EventTimeRangeSeparator":"","_EventOrganizerID":[],"_EventVenueID":[],"_OrganizerEmail":"","_OrganizerPhone":"","_OrganizerWebsite":"","_VenueAddress":"","_VenueCity":"","_VenueCountry":"","_VenueProvince":"","_VenueState":"","_VenueZip":"","_VenuePhone":"","_VenueURL":"","_VenueStateProvince":"","_VenueLat":"","_VenueLng":"","_VenueShowMap":false,"_VenueShowMapLink":false,"footnotes":""},"class_list":["post-8840","page","type-page","status-publish","hentry"],"uagb_featured_image_src":{"full":false,"thumbnail":false,"medium":false,"medium_large":false,"large":false,"1536x1536":false,"2048x2048":false,"mailpoet_newsletter_max":false},"uagb_author_info":{"display_name":"webmaster","author_link":"https:\/\/www.skolungdom.fi\/fi\/author\/webmaster\/"},"uagb_comment_info":0,"uagb_excerpt":"ERIK on FSS vuosikokous. ERIKiss\u00e4 muun muassa valitaan yhdistyksen hallitus ja tehd\u00e4\u00e4n kaikki t\u00e4rkeimm\u00e4t p\u00e4\u00e4t\u00f6kset. Lis\u00e4ksi tarjolla on hauskaa iltaharrastusta ja seurustelua eri puolilta Suomea tulevien j\u00e4senten kanssa!","_links":{"self":[{"href":"https:\/\/www.skolungdom.fi\/fi\/wp-json\/wp\/v2\/pages\/8840","targetHints":{"allow":["GET"]}}],"collection":[{"href":"https:\/\/www.skolungdom.fi\/fi\/wp-json\/wp\/v2\/pages"}],"about":[{"href":"https:\/\/www.skolungdom.fi\/fi\/wp-json\/wp\/v2\/types\/page"}],"author":[{"embeddable":true,"href":"https:\/\/www.skolungdom.fi\/fi\/wp-json\/wp\/v2\/users\/1"}],"replies":[{"embeddable":true,"href":"https:\/\/www.skolungdom.fi\/fi\/wp-json\/wp\/v2\/comments?post=8840"}],"version-history":[{"count":0,"href":"https:\/\/www.skolungdom.fi\/fi\/wp-json\/wp\/v2\/pages\/8840\/revisions"}],"wp:attachment":[{"href":"https:\/\/www.skolungdom.fi\/fi\/wp-json\/wp\/v2\/media?parent=8840"}],"curies":[{"name":"wp","href":"https:\/\/api.w.org\/{rel}","templated":true}]}}