{"id":8844,"date":"2024-06-17T16:37:38","date_gmt":"2024-06-17T13:37:38","guid":{"rendered":"https:\/\/fss.lindvikmedia.space\/meista\/hallinto\/"},"modified":"2024-06-24T17:02:29","modified_gmt":"2024-06-24T14:02:29","slug":"hallinto","status":"publish","type":"page","link":"https:\/\/www.skolungdom.fi\/fi\/meista\/hallinto\/","title":{"rendered":"Hallinto"},"content":{"rendered":"\n<div class=\"wp-block-group has-global-padding is-layout-constrained wp-block-group-is-layout-constrained\">\n<h4 class=\"wp-block-heading\"><strong>Hallinto<\/strong><\/h4>\n\n\n\n<p>J\u00e4rjest\u00f6n toimintaa ohjaavat yhdistyksen s\u00e4\u00e4nn\u00f6t, <a href=\"http:\/\/www.finlex.fi\/sv\/laki\/ajantasa\/1989\/19890503\">yhdistyslaki<\/a> ja sis\u00e4iset ohjausasiakirjat (hallituksen ty\u00f6j\u00e4rjestys, henkil\u00f6st\u00f6s\u00e4\u00e4nt\u00f6 ja talouss\u00e4\u00e4nt\u00f6y). Toimintasuunnitelma ja poliittinen ohjelma, jotka hyv\u00e4ksyt\u00e4\u00e4n vuosittain FSS vuosikokouksessa, ohjaavat j\u00e4rjest\u00f6n toimintaaa koululaisten edunvalvonnassa.<\/p>\n\n\n\n<p><strong>Johtoasiakirjat<\/strong><\/p>\n\n\n\n<p><strong>Poliittinen ohjelma, toimintasuunnitelma, henkil\u00f6st\u00f6s\u00e4\u00e4nt\u00f6, strategia, yhdenvertaisuussuunnitelma, m\u00e4\u00e4r\u00e4ykset, palkkas\u00e4\u00e4nt\u00f6, talouss\u00e4\u00e4nt\u00f6<\/strong><\/p>\n\n\n\n<h4 class=\"wp-block-heading\"><strong>Tilintarkastus<\/strong><\/h4>\n\n\n\n<p>J\u00e4rjest\u00f6n KHT-tarkastusyhdistyksen\u00e4 toimii Mikael S\u00f6derlund, Oy Redodata Ab. <\/p>\n\n\n\n<h4 class=\"wp-block-heading\"><strong>Rahoittajat<\/strong><\/h4>\n\n\n\n<p>J\u00e4rjest\u00f6n toimintaa rahoitetaan j\u00e4senmaksuilla, opetus- ja kulttuuriministeri\u00f6n valtionavustuksilla, j\u00e4rjest\u00f6n julkaisujen (j\u00e4senlehti Elevbladet ja lukuvuosikalenteri) mainostuloilla, lahjoituksilla, sponsoroinneilla, ja muilla rahastoilta ja s\u00e4\u00e4ti\u00f6ilt\u00e4 saaduilla taloudellisilla tuilla.<\/p>\n<\/div>\n","protected":false},"excerpt":{"rendered":"<p>Hallinto J\u00e4rjest\u00f6n toimintaa ohjaavat yhdistyksen s\u00e4\u00e4nn\u00f6t, yhdistyslaki ja sis\u00e4iset ohjausasiakirjat (hallituksen ty\u00f6j\u00e4rjestys, henkil\u00f6st\u00f6s\u00e4\u00e4nt\u00f6 ja talouss\u00e4\u00e4nt\u00f6y). Toimintasuunnitelma ja poliittinen ohjelma, jotka hyv\u00e4ksyt\u00e4\u00e4n vuosittain FSS vuosikokouksessa, ohjaavat j\u00e4rjest\u00f6n toimintaaa koululaisten edunvalvonnassa. Johtoasiakirjat [&hellip;]<\/p>\n","protected":false},"author":1,"featured_media":0,"parent":8838,"menu_order":0,"comment_status":"closed","ping_status":"closed","template":"","meta":{"_uag_custom_page_level_css":"","_EventAllDay":false,"_EventTimezone":"","_EventStartDate":"","_EventEndDate":"","_EventStartDateUTC":"","_EventEndDateUTC":"","_EventShowMap":false,"_EventShowMapLink":false,"_EventURL":"","_EventCost":"","_EventCostDescription":"","_EventCurrencySymbol":"","_EventCurrencyCode":"","_EventCurrencyPosition":"","_EventDateTimeSeparator":"","_EventTimeRangeSeparator":"","_EventOrganizerID":[],"_EventVenueID":[],"_OrganizerEmail":"","_OrganizerPhone":"","_OrganizerWebsite":"","_VenueAddress":"","_VenueCity":"","_VenueCountry":"","_VenueProvince":"","_VenueState":"","_VenueZip":"","_VenuePhone":"","_VenueURL":"","_VenueStateProvince":"","_VenueLat":"","_VenueLng":"","_VenueShowMap":false,"_VenueShowMapLink":false,"footnotes":""},"class_list":["post-8844","page","type-page","status-publish","hentry"],"uagb_featured_image_src":{"full":false,"thumbnail":false,"medium":false,"medium_large":false,"large":false,"1536x1536":false,"2048x2048":false,"mailpoet_newsletter_max":false},"uagb_author_info":{"display_name":"webmaster","author_link":"https:\/\/www.skolungdom.fi\/fi\/author\/webmaster\/"},"uagb_comment_info":0,"uagb_excerpt":"Hallinto J\u00e4rjest\u00f6n toimintaa ohjaavat yhdistyksen s\u00e4\u00e4nn\u00f6t, yhdistyslaki ja sis\u00e4iset ohjausasiakirjat (hallituksen ty\u00f6j\u00e4rjestys, henkil\u00f6st\u00f6s\u00e4\u00e4nt\u00f6 ja talouss\u00e4\u00e4nt\u00f6y). Toimintasuunnitelma ja poliittinen ohjelma, jotka hyv\u00e4ksyt\u00e4\u00e4n vuosittain FSS vuosikokouksessa, ohjaavat j\u00e4rjest\u00f6n toimintaaa koululaisten edunvalvonnassa. Johtoasiakirjat [&hellip;]","_links":{"self":[{"href":"https:\/\/www.skolungdom.fi\/fi\/wp-json\/wp\/v2\/pages\/8844","targetHints":{"allow":["GET"]}}],"collection":[{"href":"https:\/\/www.skolungdom.fi\/fi\/wp-json\/wp\/v2\/pages"}],"about":[{"href":"https:\/\/www.skolungdom.fi\/fi\/wp-json\/wp\/v2\/types\/page"}],"author":[{"embeddable":true,"href":"https:\/\/www.skolungdom.fi\/fi\/wp-json\/wp\/v2\/users\/1"}],"replies":[{"embeddable":true,"href":"https:\/\/www.skolungdom.fi\/fi\/wp-json\/wp\/v2\/comments?post=8844"}],"version-history":[{"count":0,"href":"https:\/\/www.skolungdom.fi\/fi\/wp-json\/wp\/v2\/pages\/8844\/revisions"}],"up":[{"embeddable":true,"href":"https:\/\/www.skolungdom.fi\/fi\/wp-json\/wp\/v2\/pages\/8838"}],"wp:attachment":[{"href":"https:\/\/www.skolungdom.fi\/fi\/wp-json\/wp\/v2\/media?parent=8844"}],"curies":[{"name":"wp","href":"https:\/\/api.w.org\/{rel}","templated":true}]}}