{"id":8932,"date":"2024-06-04T09:41:15","date_gmt":"2024-06-04T06:41:15","guid":{"rendered":"https:\/\/fss.lindvikmedia.space\/tule-mukaan-toimintaan\/"},"modified":"2024-12-16T11:58:48","modified_gmt":"2024-12-16T09:58:48","slug":"tule-mukaan-toimintaan","status":"publish","type":"page","link":"https:\/\/www.skolungdom.fi\/fi\/tule-mukaan-toimintaan\/","title":{"rendered":"Tule mukaan toimintaan"},"content":{"rendered":"\n<div class=\"wp-block-group has-global-padding is-layout-constrained wp-block-group-is-layout-constrained\" style=\"margin-top:var(--wp--preset--spacing--70);margin-bottom:var(--wp--preset--spacing--70)\">\n<h3 class=\"wp-block-heading\"><strong>Toimikunnat \u2013 FSS harrastuksena!<\/strong><\/h3>\n\n\n\n<p>Lue lis\u00e4\u00e4 toimikunnista 2024-2025:<\/p>\n\n\n\n<details class=\"wp-block-details has-custom-fss-webb-blue-background-color has-background has-medium-font-size is-layout-flow wp-block-details-is-layout-flow\" style=\"padding-top:var(--wp--preset--spacing--40);padding-right:var(--wp--preset--spacing--40);padding-bottom:var(--wp--preset--spacing--40);padding-left:var(--wp--preset--spacing--40);font-style:normal;font-weight:700\"><summary>Poliittisten asioiden komitea<\/summary>\n<div class=\"wp-block-group has-small-font-size has-global-padding is-layout-constrained wp-block-group-is-layout-constrained\" style=\"font-style:normal;font-weight:400\">\n<p>Jos olet kiinnostunut vaikuttamaan julkiseen keskusteluun, kirjoittamaan mielipidekirjoituksia ja ty\u00f6skentelem\u00e4\u00e4n FSS:n politiikkaohjelman parissa poliittisen asiantuntijamme kanssa, t\u00e4m\u00e4 valiokunta on juuri sinua varten. Poliittisten asioiden valiokunnassa puolustamme koululaisten oikeuksia ja otamme kantaa ajankohtaisiin kysymyksiin. Komitea voi my\u00f6s j\u00e4rjest\u00e4\u00e4 tapahtumia, kampanjoita, mielenosoituksia ja muuta toimintaa j\u00e4sentens\u00e4 kiinnostuksen mukaan.  <\/p>\n\n\n\n<p><strong>Jos sinulla on kysytt\u00e4v\u00e4\u00e4, voit ottaa yhteytt\u00e4:<\/strong><\/p>\n\n\n\n<p><br\/> <br\/>William Mutka, <a href=\"mailto:william.mutka@skolungdom.fi\">william.mutka@skolungdom.fi<\/a> Emma Karmanheimo,<a href=\"mailto:emma.karmanheimo@skolungdom.fi\">emma.karmanheimo@skolungdom.fi<\/a> Teo Torrkulla, teo.torrkulla@skolungdom.fi<\/p>\n<\/div>\n<\/details>\n\n\n\n<details class=\"wp-block-details has-custom-fss-webb-blue-background-color has-background has-medium-font-size is-layout-flow wp-block-details-is-layout-flow\" style=\"padding-top:var(--wp--preset--spacing--40);padding-right:var(--wp--preset--spacing--40);padding-bottom:var(--wp--preset--spacing--40);padding-left:var(--wp--preset--spacing--40);font-style:normal;font-weight:700\"><summary>Kansainv\u00e4linen komitea<\/summary>\n<div class=\"wp-block-group has-small-font-size has-global-padding is-layout-constrained wp-block-group-is-layout-constrained\" style=\"font-style:normal;font-weight:400\">\n<p>Kansainv\u00e4lisen komitean (IC) j\u00e4senen\u00e4 ty\u00f6skentelet kansainv\u00e4lisen koulutus- ja nuorisopolitiikan muotoilun parissa. Olet mukana suunnittelemassa FSS:n kansainv\u00e4lisi\u00e4 tapahtumia ja luomassa kampanjoita. Sinulla on my\u00f6s mahdollisuus osallistua FSS:n kattoj\u00e4rjest\u00f6n OBESSU:n j\u00e4rjest\u00e4miin tapahtumiin ja seminaareihin ja edustaa FSS:\u00e4\u00e4 kansainv\u00e4lisiss\u00e4 tapahtumissa. <br\/>Lis\u00e4ksi sinulla on mahdollisuus tutustua muihin kansainv\u00e4lisiin j\u00e4rjest\u00f6ihin ja EU:n rakenteeseen.<\/p>\n\n\n\n<p><strong>Kysymykset voi osoittaa seuraavaan osoitteeseen:<\/strong><\/p>\n\n\n\n<p><a href=\"mailto:iu@skolungdom.fi\">iu@skolungdom.fi<\/a> tai suoraan<\/p>\n\n\n\n<p><br\/>Mar Porres, <a href=\"mailto:mar.porres@skolungdom.fi\">mar.porres@skolungdom.fi<\/a> Fanny \u00d6sterg\u00e5rd, fanny.ostergard@skolungdom.fi<\/p>\n<\/div>\n<\/details>\n\n\n\n<details class=\"wp-block-details has-custom-fss-webb-blue-background-color has-background has-medium-font-size is-layout-flow wp-block-details-is-layout-flow\" style=\"padding-top:var(--wp--preset--spacing--40);padding-right:var(--wp--preset--spacing--40);padding-bottom:var(--wp--preset--spacing--40);padding-left:var(--wp--preset--spacing--40);font-style:normal;font-weight:700\"><summary>Koululehden toimitusneuvosto<\/summary>\n<div class=\"wp-block-group has-small-font-size has-global-padding is-layout-constrained wp-block-group-is-layout-constrained\" style=\"font-style:normal;font-weight:400\">\n<p><strong>Oletko kiinnostunut journalismista? Haluatko kirjoittaa lehtiartikkeleita, tehd\u00e4 raportteja, tuottaa audiovisuaalista materiaalia tai tehd\u00e4 omia podcasteja? Meid\u00e4n kanssamme voit luoda oman nuorisolehden yhdess\u00e4 muiden nuorten kanssa!<\/strong><\/p>\n\n\n\n<p>Toimitus tarvitsee jatkuvasti kirjoittajia ja innovaattoreita, jotka haluavat luoda uusia uria. Ylioppilaslehti on nuorten tekem\u00e4 lehti nuorille. Toimitus tuottaa materiaalia lehteen ja viestii sis\u00e4ll\u00f6st\u00e4 ebl:n kanavissa. J\u00e4senen\u00e4 voit tuottaa my\u00f6s muunlaista mediamateriaalia, kuten valokuvia, videoita tai kuvituksia.  <\/p>\n\n\n\n<p>Toimitukseen voivat liitty\u00e4 journalismista, raportoinnista, haastatteluista, arvosteluista, piirt\u00e4misest\u00e4, kuvituksesta ja valokuvauksesta kiinnostuneet.  <\/p>\n\n\n\n<p><br\/>Lue lis\u00e4\u00e4 lehdest\u00e4 t\u00e4\u00e4lt\u00e4: <a href=\"https:\/\/elevbladet.fi\/\">https:\/\/elevbladet.fi\/<\/a> Seuraa lehte\u00e4 Instagramissa @skolungdom.<\/p>\n\n\n\n<p><em><strong>Kysymykset voi osoittaa seuraavaan osoitteeseen:<\/strong><\/em><\/p>\n\n\n\n<p><a href=\"mailto:ebl@skolungdom.fi\"><em>ebl@skolungdom.fi TAI SUORAAN OSOITTEESEEN<\/em><\/a><em> tai suoraan osoitteeseen<\/em><br\/><em>Elodie B\u00f6hling, elodie.bohling@skolungdom.fi<\/em><\/p>\n<\/div>\n<\/details>\n\n\n\n<details class=\"wp-block-details has-custom-fss-webb-bg-color has-custom-fss-yellow-background-color has-text-color has-background has-link-color has-medium-font-size wp-elements-95b46bcfd89cbfe6c50f415a9ae69d97 is-layout-flow wp-block-details-is-layout-flow\" style=\"padding-top:var(--wp--preset--spacing--40);padding-right:var(--wp--preset--spacing--40);padding-bottom:var(--wp--preset--spacing--40);padding-left:var(--wp--preset--spacing--40);font-style:normal;font-weight:700\"><summary>Ilmoita kiinnostuksesi!<\/summary>\n<div class=\"wp-block-group has-small-font-size has-global-padding is-layout-constrained wp-block-group-is-layout-constrained\" style=\"font-style:normal;font-weight:400\">\n<p>Jos olet kiinnostunut FSS:n komiteoista, ilmoittaudu alla olevalla lomakkeella! L\u00e4het\u00e4mme sinulle lis\u00e4tietoja s\u00e4hk\u00f6postitse, kun olet l\u00e4hett\u00e4nyt kiinnostuksenilmaisusi.<\/p>\n\n\n\n<p>Odotamme innolla, ett\u00e4 n\u00e4emme teid\u00e4t valiokuntaty\u00f6skentelyss\u00e4!<\/p>\n\n\n\n<div class=\"wp-block-uagb-buttons uagb-buttons__outer-wrap uagb-btn__default-btn uagb-btn-tablet__default-btn uagb-btn-mobile__default-btn uagb-block-94b033ed\"><div class=\"uagb-buttons__wrap uagb-buttons-layout-wrap \">\n<div class=\"wp-block-uagb-buttons-child uagb-buttons__outer-wrap uagb-block-4255e1de wp-block-button\"><div class=\"uagb-button__wrapper\"><a class=\"uagb-buttons-repeater wp-block-button__link\" aria-label=\"\" href=\"https:\/\/docs.google.com\/forms\/d\/e\/1FAIpQLScKhglwjX28llmh-COdiff-Q8uGJYX61J41Tfj62eedS6TthQ\/viewform?usp=sf_link\" rel=\"follow noopener\" target=\"_blank\" role=\"button\"><div class=\"uagb-button__link\">Ilmoittaudu komiteaan<\/div><\/a><\/div><\/div>\n<\/div><\/div>\n<\/div>\n<\/details>\n<\/div>\n\n<div class=\"wp-block-group has-custom-fss-blue-red-gradient-gradient-background has-background has-global-padding is-layout-constrained wp-block-group-is-layout-constrained\" style=\"padding-top:var(--wp--preset--spacing--50);padding-bottom:var(--wp--preset--spacing--50)\">\n<p>Voit valita, osallistutko yhteen vai useampaan valiokuntaan. Ty\u00f6t alkavat yleens\u00e4 elokuussa 2024 ja kest\u00e4v\u00e4t varainhoitovuoden loppuun kes\u00e4kuussa 2025.  <\/p>\n\n\n\n<p>FSS toimikuntia johtavat hallituksen j\u00e4senet, ja kokoukset j\u00e4rjestet\u00e4\u00e4n p\u00e4\u00e4asiassa viikonloppuisin tai arki-iltaisin. Sin\u00e4 p\u00e4\u00e4t\u00e4t, kuinka paljon ja kuinka usein haluat osallistua komiteaty\u00f6skentelyyn.<\/p>\n\n\n\n<p>Toimikunnat kokoontuvat s\u00e4\u00e4nn\u00f6llisesti eri puolilla Suomen ruotsinkielisi\u00e4 alueita, jotta mahdollisimman moni p\u00e4\u00e4sisi mukaan. Kokouksiin voi aina osallistua my\u00f6s videopuhelun (Google Meet) kautta. Toimikuntien j\u00e4senten matkakulut kokouksiin korvataan.<\/p>\n\n\n\n<p class=\"has-text-align-center\"><strong>Haluatko tiet\u00e4\u00e4 lis\u00e4\u00e4 tai onko sinulla kysytt\u00e4v\u00e4\u00e4? <\/strong>Ota yhteytt\u00e4 meihin &#8211; <a href=\"https:\/\/skolungdom.fi\/kontakt\/\">yhteystiedot l\u00f6yd\u00e4t t\u00e4\u00e4lt\u00e4<\/a>.<\/p>\n<\/div>\n\n<div class=\"wp-block-group has-global-padding is-layout-constrained wp-block-group-is-layout-constrained\">\n<p><strong>Voit my\u00f6s asettua ehdolle hallituksen j\u00e4seneksi<\/strong> vuosikokouksessamme. Hallituksessa toimiminen vaatii hieman enemm\u00e4n ty\u00f6t\u00e4 kuin toimikunnassa toimiminen, mutta on eritt\u00e4in palkitsevaa ja t\u00e4ydellist\u00e4 sinulle, joka haluat olla aktiivisempi FSS toiminnassa. <\/p>\n\n\n\n<p>Kaikki toimintamme on syrjinn\u00e4st\u00e4 vapaata j\u00e4rjest\u00f6n <a href=\"https:\/\/drive.google.com\/file\/d\/1FP2awKhUXcAoA_NyBYuGH-Z24GlXb3jA\/view?usp=sharing\">yhdenvertaisuussuunnitelman <\/a> mukaisesti. FSS tapahtumat pyrkiv\u00e4t olemaan <a href=\"https:\/\/skolungdom.fi\/skolungdom\/bli-aktiv\/fss-evenemang-ar-tryggare-rum\/\">turvallisia tiloja. <\/a> Turvalliset tilat lyhyk\u00e4isyydess\u00e4 tarkoittavat sit\u00e4, ett\u00e4 jokaisella on oikeus olla oma itsens\u00e4 ilman kiusaamista, syrjint\u00e4\u00e4 tai h\u00e4irint\u00e4\u00e4.<\/p>\n\n\n\n<div style=\"height:50px\" aria-hidden=\"true\" class=\"wp-block-spacer\"><\/div>\n<\/div>\n","protected":false},"excerpt":{"rendered":"<p>FSS:n komiteat ovat uusille j\u00e4senille paras tapa p\u00e4\u00e4st\u00e4 mukaan j\u00e4rjest\u00f6n toimintaan ja yhteiskuntaan yleens\u00e4. FSS:ll\u00e4 on t\u00e4ll\u00e4 hetkell\u00e4 kolme komiteaa: poliittinen komitea, kansainv\u00e4linen komitea ja toimituskunta.<\/p>\n","protected":false},"author":1,"featured_media":8705,"parent":0,"menu_order":0,"comment_status":"closed","ping_status":"closed","template":"","meta":{"_uag_custom_page_level_css":"","_EventAllDay":false,"_EventTimezone":"","_EventStartDate":"","_EventEndDate":"","_EventStartDateUTC":"","_EventEndDateUTC":"","_EventShowMap":false,"_EventShowMapLink":false,"_EventURL":"","_EventCost":"","_EventCostDescription":"","_EventCurrencySymbol":"","_EventCurrencyCode":"","_EventCurrencyPosition":"","_EventDateTimeSeparator":"","_EventTimeRangeSeparator":"","_EventOrganizerID":[],"_EventVenueID":[],"_OrganizerEmail":"","_OrganizerPhone":"","_OrganizerWebsite":"","_VenueAddress":"","_VenueCity":"","_VenueCountry":"","_VenueProvince":"","_VenueState":"","_VenueZip":"","_VenuePhone":"","_VenueURL":"","_VenueStateProvince":"","_VenueLat":"","_VenueLng":"","_VenueShowMap":false,"_VenueShowMapLink":false,"footnotes":""},"class_list":["post-8932","page","type-page","status-publish","has-post-thumbnail","hentry"],"uagb_featured_image_src":{"full":["https:\/\/www.skolungdom.fi\/wp-content\/uploads\/2024\/06\/53146667242_cabedcf15f_k.jpg",2048,1505,false],"thumbnail":["https:\/\/www.skolungdom.fi\/wp-content\/uploads\/2024\/06\/53146667242_cabedcf15f_k-150x150.jpg",150,150,true],"medium":["https:\/\/www.skolungdom.fi\/wp-content\/uploads\/2024\/06\/53146667242_cabedcf15f_k-300x220.jpg",300,220,true],"medium_large":["https:\/\/www.skolungdom.fi\/wp-content\/uploads\/2024\/06\/53146667242_cabedcf15f_k-768x564.jpg",768,564,true],"large":["https:\/\/www.skolungdom.fi\/wp-content\/uploads\/2024\/06\/53146667242_cabedcf15f_k-1024x753.jpg",1024,753,true],"1536x1536":["https:\/\/www.skolungdom.fi\/wp-content\/uploads\/2024\/06\/53146667242_cabedcf15f_k-1536x1129.jpg",1536,1129,true],"2048x2048":["https:\/\/www.skolungdom.fi\/wp-content\/uploads\/2024\/06\/53146667242_cabedcf15f_k.jpg",2048,1505,false],"mailpoet_newsletter_max":["https:\/\/www.skolungdom.fi\/wp-content\/uploads\/2024\/06\/53146667242_cabedcf15f_k-1320x970.jpg",1320,970,true]},"uagb_author_info":{"display_name":"webmaster","author_link":"https:\/\/www.skolungdom.fi\/fi\/author\/webmaster\/"},"uagb_comment_info":0,"uagb_excerpt":"FSS:n komiteat ovat uusille j\u00e4senille paras tapa p\u00e4\u00e4st\u00e4 mukaan j\u00e4rjest\u00f6n toimintaan ja yhteiskuntaan yleens\u00e4. FSS:ll\u00e4 on t\u00e4ll\u00e4 hetkell\u00e4 kolme komiteaa: poliittinen komitea, kansainv\u00e4linen komitea ja toimituskunta.","_links":{"self":[{"href":"https:\/\/www.skolungdom.fi\/fi\/wp-json\/wp\/v2\/pages\/8932","targetHints":{"allow":["GET"]}}],"collection":[{"href":"https:\/\/www.skolungdom.fi\/fi\/wp-json\/wp\/v2\/pages"}],"about":[{"href":"https:\/\/www.skolungdom.fi\/fi\/wp-json\/wp\/v2\/types\/page"}],"author":[{"embeddable":true,"href":"https:\/\/www.skolungdom.fi\/fi\/wp-json\/wp\/v2\/users\/1"}],"replies":[{"embeddable":true,"href":"https:\/\/www.skolungdom.fi\/fi\/wp-json\/wp\/v2\/comments?post=8932"}],"version-history":[{"count":2,"href":"https:\/\/www.skolungdom.fi\/fi\/wp-json\/wp\/v2\/pages\/8932\/revisions"}],"predecessor-version":[{"id":10121,"href":"https:\/\/www.skolungdom.fi\/fi\/wp-json\/wp\/v2\/pages\/8932\/revisions\/10121"}],"wp:featuredmedia":[{"embeddable":true,"href":"https:\/\/www.skolungdom.fi\/fi\/wp-json\/wp\/v2\/media\/8705"}],"wp:attachment":[{"href":"https:\/\/www.skolungdom.fi\/fi\/wp-json\/wp\/v2\/media?parent=8932"}],"curies":[{"name":"wp","href":"https:\/\/api.w.org\/{rel}","templated":true}]}}