{"id":9085,"date":"2024-03-08T15:44:00","date_gmt":"2024-03-08T13:44:00","guid":{"rendered":"https:\/\/www.skolungdom.fi\/yhteytta\/"},"modified":"2024-08-16T14:18:58","modified_gmt":"2024-08-16T11:18:58","slug":"yhteytta","status":"publish","type":"page","link":"https:\/\/www.skolungdom.fi\/fi\/yhteytta\/","title":{"rendered":"Yhteytt\u00e4"},"content":{"rendered":"\n<div class=\"wp-block-group has-global-padding is-layout-constrained wp-block-group-is-layout-constrained\" style=\"padding-top:var(--wp--preset--spacing--50);padding-bottom:var(--wp--preset--spacing--50)\">\n<p>Jos sinulla on kysymys s\u00e4\u00e4nn\u00f6llisest\u00e4 toiminnastamme, voit ensin k\u00e4ytt\u00e4\u00e4 valikkopalkin hakutoimintoa etsiess\u00e4si vastausta kysymykseesi.<\/p>\n\n\n\n<p><a href=\"https:\/\/www.skolungdom.fi\/fragor-och-svar\/\" class=\"ek-link\">L\u00f6yd\u00e4t usein kysytyt kysymykset ja vastaukset t\u00e4\u00e4lt\u00e4!<\/a><\/p>\n\n\n\n<p>Etk\u00f6 viel\u00e4k\u00e4\u00e4n saanut vastausta kysymykseesi? Ota meihin yhteytt\u00e4 alla olevien yhteystietojen avulla:<\/p>\n<\/div>\n","protected":false},"excerpt":{"rendered":"<p>Etk\u00f6 l\u00f6yt\u00e4nyt vastausta kysymykseesi verkkosivuilta? \u00c4l\u00e4 h\u00e4t\u00e4\u00e4nny, ota meihin yhteytt\u00e4! Valitse kategoria alla olevasta valikosta ja ota yhteytt\u00e4 oikeaan henkil\u00f6\u00f6n!<\/p>\n","protected":false},"author":1,"featured_media":0,"parent":0,"menu_order":0,"comment_status":"closed","ping_status":"closed","template":"kontaktsida-med-sok","meta":{"_uag_custom_page_level_css":"","_EventAllDay":false,"_EventTimezone":"","_EventStartDate":"","_EventEndDate":"","_EventStartDateUTC":"","_EventEndDateUTC":"","_EventShowMap":false,"_EventShowMapLink":false,"_EventURL":"","_EventCost":"","_EventCostDescription":"","_EventCurrencySymbol":"","_EventCurrencyCode":"","_EventCurrencyPosition":"","_EventDateTimeSeparator":"","_EventTimeRangeSeparator":"","_EventOrganizerID":[],"_EventVenueID":[],"_OrganizerEmail":"","_OrganizerPhone":"","_OrganizerWebsite":"","_VenueAddress":"","_VenueCity":"","_VenueCountry":"","_VenueProvince":"","_VenueState":"","_VenueZip":"","_VenuePhone":"","_VenueURL":"","_VenueStateProvince":"","_VenueLat":"","_VenueLng":"","_VenueShowMap":false,"_VenueShowMapLink":false,"footnotes":""},"class_list":["post-9085","page","type-page","status-publish","hentry"],"uagb_featured_image_src":{"full":false,"thumbnail":false,"medium":false,"medium_large":false,"large":false,"1536x1536":false,"2048x2048":false,"mailpoet_newsletter_max":false},"uagb_author_info":{"display_name":"webmaster","author_link":"https:\/\/www.skolungdom.fi\/fi\/author\/webmaster\/"},"uagb_comment_info":0,"uagb_excerpt":"Etk\u00f6 l\u00f6yt\u00e4nyt vastausta kysymykseesi verkkosivuilta? \u00c4l\u00e4 h\u00e4t\u00e4\u00e4nny, ota meihin yhteytt\u00e4! Valitse kategoria alla olevasta valikosta ja ota yhteytt\u00e4 oikeaan henkil\u00f6\u00f6n!","_links":{"self":[{"href":"https:\/\/www.skolungdom.fi\/fi\/wp-json\/wp\/v2\/pages\/9085","targetHints":{"allow":["GET"]}}],"collection":[{"href":"https:\/\/www.skolungdom.fi\/fi\/wp-json\/wp\/v2\/pages"}],"about":[{"href":"https:\/\/www.skolungdom.fi\/fi\/wp-json\/wp\/v2\/types\/page"}],"author":[{"embeddable":true,"href":"https:\/\/www.skolungdom.fi\/fi\/wp-json\/wp\/v2\/users\/1"}],"replies":[{"embeddable":true,"href":"https:\/\/www.skolungdom.fi\/fi\/wp-json\/wp\/v2\/comments?post=9085"}],"version-history":[{"count":4,"href":"https:\/\/www.skolungdom.fi\/fi\/wp-json\/wp\/v2\/pages\/9085\/revisions"}],"predecessor-version":[{"id":9112,"href":"https:\/\/www.skolungdom.fi\/fi\/wp-json\/wp\/v2\/pages\/9085\/revisions\/9112"}],"wp:attachment":[{"href":"https:\/\/www.skolungdom.fi\/fi\/wp-json\/wp\/v2\/media?parent=9085"}],"curies":[{"name":"wp","href":"https:\/\/api.w.org\/{rel}","templated":true}]}}