{"id":9148,"date":"2024-06-04T11:58:09","date_gmt":"2024-06-04T08:58:09","guid":{"rendered":"https:\/\/www.skolungdom.fi\/jasenyys\/opiskelijakortti\/hakemus-vaihe-1\/"},"modified":"2024-11-19T17:13:01","modified_gmt":"2024-11-19T15:13:01","slug":"hakemus-vaihe-1","status":"publish","type":"page","link":"https:\/\/www.skolungdom.fi\/fi\/jasenyys\/opiskelijakortti\/hakemus-vaihe-1\/","title":{"rendered":"Hakemus-vaihe-1"},"content":{"rendered":"\n<div class=\"wp-block-group burr-boll burr-boll-B-R has-global-padding is-layout-constrained wp-block-group-is-layout-constrained\" style=\"padding-top:var(--wp--preset--spacing--70);padding-bottom:var(--wp--preset--spacing--70)\">\n<h3 class=\"wp-block-heading has-text-align-center\" style=\"font-style:normal;font-weight:200\">Haetko j\u00e4senyytt\u00e4<\/h3>\n\n\n\n<div class=\"wp-block-uagb-advanced-heading uagb-block-0800b1b6\"><h2 class=\"uagb-heading-text\">ENSIMM\u00c4ISELL\u00c4 KERRALLA?<\/h2><\/div>\n\n\n\n<p><\/p>\n<\/div>\n\n\n\n<div class=\"wp-block-columns is-layout-flex wp-container-core-columns-is-layout-28f84493 wp-block-columns-is-layout-flex\">\n<div class=\"wp-block-column is-layout-flow wp-block-column-is-layout-flow\">\n<div class=\"wp-block-cover ek-linked-block ek-linked-block-animate has-aspect-ratio\" style=\"border-radius:10px;aspect-ratio:16\/9;min-height:unset;\"><span aria-hidden=\"true\" class=\"wp-block-cover__background has-background-dim-100 has-background-dim has-background-gradient\" style=\"background:radial-gradient(rgb(13,112,178) 28%,rgba(0,0,0,0) 100%)\"><\/span><div class=\"wp-block-cover__inner-container has-global-padding is-layout-constrained wp-block-cover-is-layout-constrained\">\n<h3 class=\"wp-block-heading has-text-align-center has-x-large-font-size\"><a href=\"https:\/\/www.skolungdom.fi\/fi\/jasenyys\/opiskelijakortti\/hakemuksen-uusi_hakemus-vaihe-2\/\" data-type=\"page\" data-id=\"9160\">Kyll\u00e4,<\/a><\/h3>\n\n\n\n<p class=\"has-text-align-center has-small-font-size\"><a href=\"https:\/\/www.skolungdom.fi\/fi\/jasenyys\/opiskelijakortti\/hakemuksen-uusi_hakemus-vaihe-2\/\" data-type=\"page\" data-id=\"9173\">Minulla ei ole viel\u00e4 opiskelijakorttia<\/a><\/p>\n<\/div><\/div>\n<\/div>\n\n\n\n<div class=\"wp-block-column is-layout-flow wp-block-column-is-layout-flow\">\n<div class=\"wp-block-cover ek-linked-block ek-linked-block-animate has-aspect-ratio\" style=\"border-radius:10px;aspect-ratio:16\/9;min-height:unset;\"><span aria-hidden=\"true\" class=\"wp-block-cover__background has-background-dim-100 has-background-dim has-background-gradient\" style=\"background:radial-gradient(rgb(239,50,84) 0%,rgba(0,0,0,0) 99%)\"><\/span><div class=\"wp-block-cover__inner-container has-global-padding is-layout-constrained wp-block-cover-is-layout-constrained\">\n<h3 class=\"wp-block-heading has-text-align-center has-x-large-font-size\"><a href=\"https:\/\/www.skolungdom.fi\/fi\/jasenyys\/opiskelijakortti\/hakemuksen-uusimisvaihe-2\/\" data-type=\"page\" data-id=\"9189\">Ei,<\/a><\/h3>\n\n\n\n<p class=\"has-text-align-center has-small-font-size\"><a href=\"https:\/\/www.skolungdom.fi\/fi\/jasenyys\/opiskelijakortti\/hakemuksen-uusimisvaihe-2\/\">Haluan uusia vanhan opiskelijakorttini<\/a><\/p>\n<\/div><\/div>\n<\/div>\n<\/div>\n\n\n\n<p class=\"has-text-align-center has-small-font-size\">Aloita valitsemalla jokin yll\u00e4 olevista vaihtoehdoista.<\/p>\n\n\n\n<p><\/p>\n","protected":false},"excerpt":{"rendered":"<p>Haetko j\u00e4senyytt\u00e4 ENSIMM\u00c4ISELL\u00c4 KERRALLA? Aloita valitsemalla jokin yll\u00e4 olevista vaihtoehdoista.<\/p>\n","protected":false},"author":1,"featured_media":0,"parent":8952,"menu_order":0,"comment_status":"closed","ping_status":"closed","template":"blank-utan-header-och-footer","meta":{"_uag_custom_page_level_css":"","_EventAllDay":false,"_EventTimezone":"","_EventStartDate":"","_EventEndDate":"","_EventStartDateUTC":"","_EventEndDateUTC":"","_EventShowMap":false,"_EventShowMapLink":false,"_EventURL":"","_EventCost":"","_EventCostDescription":"","_EventCurrencySymbol":"","_EventCurrencyCode":"","_EventCurrencyPosition":"","_EventDateTimeSeparator":"","_EventTimeRangeSeparator":"","_EventOrganizerID":[],"_EventVenueID":[],"_OrganizerEmail":"","_OrganizerPhone":"","_OrganizerWebsite":"","_VenueAddress":"","_VenueCity":"","_VenueCountry":"","_VenueProvince":"","_VenueState":"","_VenueZip":"","_VenuePhone":"","_VenueURL":"","_VenueStateProvince":"","_VenueLat":"","_VenueLng":"","_VenueShowMap":false,"_VenueShowMapLink":false,"footnotes":""},"class_list":["post-9148","page","type-page","status-publish","hentry"],"uagb_featured_image_src":{"full":false,"thumbnail":false,"medium":false,"medium_large":false,"large":false,"1536x1536":false,"2048x2048":false,"mailpoet_newsletter_max":false},"uagb_author_info":{"display_name":"webmaster","author_link":"https:\/\/www.skolungdom.fi\/fi\/author\/webmaster\/"},"uagb_comment_info":0,"uagb_excerpt":"Haetko j\u00e4senyytt\u00e4 ENSIMM\u00c4ISELL\u00c4 KERRALLA? Aloita valitsemalla jokin yll\u00e4 olevista vaihtoehdoista.","_links":{"self":[{"href":"https:\/\/www.skolungdom.fi\/fi\/wp-json\/wp\/v2\/pages\/9148","targetHints":{"allow":["GET"]}}],"collection":[{"href":"https:\/\/www.skolungdom.fi\/fi\/wp-json\/wp\/v2\/pages"}],"about":[{"href":"https:\/\/www.skolungdom.fi\/fi\/wp-json\/wp\/v2\/types\/page"}],"author":[{"embeddable":true,"href":"https:\/\/www.skolungdom.fi\/fi\/wp-json\/wp\/v2\/users\/1"}],"replies":[{"embeddable":true,"href":"https:\/\/www.skolungdom.fi\/fi\/wp-json\/wp\/v2\/comments?post=9148"}],"version-history":[{"count":9,"href":"https:\/\/www.skolungdom.fi\/fi\/wp-json\/wp\/v2\/pages\/9148\/revisions"}],"predecessor-version":[{"id":9669,"href":"https:\/\/www.skolungdom.fi\/fi\/wp-json\/wp\/v2\/pages\/9148\/revisions\/9669"}],"up":[{"embeddable":true,"href":"https:\/\/www.skolungdom.fi\/fi\/wp-json\/wp\/v2\/pages\/8952"}],"wp:attachment":[{"href":"https:\/\/www.skolungdom.fi\/fi\/wp-json\/wp\/v2\/media?parent=9148"}],"curies":[{"name":"wp","href":"https:\/\/api.w.org\/{rel}","templated":true}]}}