{"id":9168,"date":"2024-06-11T12:32:05","date_gmt":"2024-06-11T09:32:05","guid":{"rendered":"https:\/\/www.skolungdom.fi\/jasenyys\/opiskelijakortti\/hakemuksen-viimeistely\/"},"modified":"2024-12-16T11:51:20","modified_gmt":"2024-12-16T09:51:20","slug":"hakemuksen-viimeistely","status":"publish","type":"page","link":"https:\/\/www.skolungdom.fi\/fi\/jasenyys\/opiskelijakortti\/hakemuksen-viimeistely\/","title":{"rendered":"hakemuksen viimeistely"},"content":{"rendered":"\n<div class=\"wp-block-group has-global-padding is-layout-constrained wp-container-core-group-is-layout-4d2f664f wp-block-group-is-layout-constrained\">\n<div style=\"aspect-ratio:16\/9;min-height:unset;\" class=\"wp-block-cover is-light has-aspect-ratio\"><span aria-hidden=\"true\" class=\"wp-block-cover__background has-white-background-color has-background-dim-0 has-background-dim\"><\/span><img data-dominant-color=\"ffffff\" data-has-transparency=\"true\" style=\"--dominant-color: #ffffff;\" loading=\"lazy\" decoding=\"async\" width=\"960\" height=\"541\" class=\"wp-block-cover__image-background wp-image-9776 has-transparency\" alt=\"\" src=\"https:\/\/www.skolungdom.fi\/wp-content\/uploads\/2024\/12\/FSS_webb-ansok-3.png\" data-object-fit=\"cover\" srcset=\"https:\/\/www.skolungdom.fi\/wp-content\/uploads\/2024\/12\/FSS_webb-ansok-3.png 960w, https:\/\/www.skolungdom.fi\/wp-content\/uploads\/2024\/12\/FSS_webb-ansok-3-300x169.png 300w, https:\/\/www.skolungdom.fi\/wp-content\/uploads\/2024\/12\/FSS_webb-ansok-3-768x433.png 768w\" sizes=\"auto, (max-width: 960px) 100vw, 960px\" \/><div class=\"wp-block-cover__inner-container is-layout-flow wp-block-cover-is-layout-flow\">\n<div class=\"wp-block-columns is-layout-flex wp-container-core-columns-is-layout-28f84493 wp-block-columns-is-layout-flex\">\n<div class=\"wp-block-column uag-hide-mob is-layout-flow wp-block-column-is-layout-flow\" style=\"flex-basis:25%\"><\/div>\n\n\n\n<div class=\"wp-block-column is-layout-flow wp-block-column-is-layout-flow\" style=\"flex-basis:75%\">\n<div class=\"wp-block-group has-global-padding is-content-justification-right is-layout-constrained wp-container-core-group-is-layout-d5fcb3c2 wp-block-group-is-layout-constrained\" style=\"margin-top:0;margin-bottom:0;padding-top:0;padding-right:0;padding-bottom:0;padding-left:0\">\n<h2 class=\"wp-block-heading has-text-align-left has-white-color has-text-color has-link-color has-large-font-size wp-elements-81b0c2cef23eb304ed4e518ce728f145\" style=\"margin-left:0;padding-top:var(--wp--preset--spacing--70);padding-left:0;font-style:normal;font-weight:300\">T\u00e4yt\u00e4 <\/h2>\n\n\n\n<h2 class=\"wp-block-heading has-text-align-left has-white-color has-text-color has-link-color wp-elements-a61a69967cd3f4fceb0b5e8999938d33\" style=\"margin-top:0;margin-right:0;margin-bottom:0;margin-left:0;padding-left:0;font-size:3.9rem\">Hakemus-<br\/>lomake<\/h2>\n<\/div>\n<\/div>\n<\/div>\n<\/div><\/div>\n<\/div>\n\n<p id=\"block-a792c621-723d-4938-96dd-a3199194a74a\">Muista sy\u00f6tt\u00e4\u00e4 kansallinen henkil\u00f6tunnuksesi, jos haet digitaalista opiskelijakorttia!<\/p>\n\n<p id=\"block-a792c621-723d-4938-96dd-a3199194a74a\">Tarkista, ett\u00e4 antamasi tiedot ovat oikein. FSS ei ole vastuussa hakemuksessa annettujen virheellisten tietojen aiheuttamista viiv\u00e4styksist\u00e4 tai lis\u00e4kustannuksista.<\/p>\n\n<p>Kun olet suorittanut edell\u00e4 mainitut vaiheet, voit t\u00e4ytt\u00e4\u00e4 hakemuksen T\u00c4ST\u00c4:<\/p>\n\n<div class=\"wp-block-buttons is-content-justification-center is-layout-flex wp-container-core-buttons-is-layout-a89b3969 wp-block-buttons-is-layout-flex\">\n<div class=\"wp-block-button\"><a class=\"wp-block-button__link has-custom-fss-yellow-background-color has-text-color has-background has-link-color wp-element-button\" href=\"https:\/\/core.flomembers.com\/fss\/members\/application?_lang=sv\" style=\"color:#232323\" target=\"_blank\" rel=\"noreferrer noopener\">Lomakkeeseen<\/a><\/div>\n<\/div>\n","protected":false},"excerpt":{"rendered":"<p>Muista sy\u00f6tt\u00e4\u00e4 kansallinen henkil\u00f6tunnuksesi, jos haet digitaalista opiskelijakorttia! Tarkista, ett\u00e4 antamasi tiedot ovat oikein. FSS ei ole vastuussa hakemuksessa annettujen virheellisten tietojen aiheuttamista viiv\u00e4styksist\u00e4 tai lis\u00e4kustannuksista. Kun olet suorittanut edell\u00e4 [&hellip;]<\/p>\n","protected":false},"author":1,"featured_media":0,"parent":8952,"menu_order":0,"comment_status":"closed","ping_status":"closed","template":"blank-utan-header-och-footer","meta":{"_uag_custom_page_level_css":"","_EventAllDay":false,"_EventTimezone":"","_EventStartDate":"","_EventEndDate":"","_EventStartDateUTC":"","_EventEndDateUTC":"","_EventShowMap":false,"_EventShowMapLink":false,"_EventURL":"","_EventCost":"","_EventCostDescription":"","_EventCurrencySymbol":"","_EventCurrencyCode":"","_EventCurrencyPosition":"","_EventDateTimeSeparator":"","_EventTimeRangeSeparator":"","_EventOrganizerID":[],"_EventVenueID":[],"_OrganizerEmail":"","_OrganizerPhone":"","_OrganizerWebsite":"","_VenueAddress":"","_VenueCity":"","_VenueCountry":"","_VenueProvince":"","_VenueState":"","_VenueZip":"","_VenuePhone":"","_VenueURL":"","_VenueStateProvince":"","_VenueLat":"","_VenueLng":"","_VenueShowMap":false,"_VenueShowMapLink":false,"footnotes":""},"class_list":["post-9168","page","type-page","status-publish","hentry"],"uagb_featured_image_src":{"full":false,"thumbnail":false,"medium":false,"medium_large":false,"large":false,"1536x1536":false,"2048x2048":false,"mailpoet_newsletter_max":false},"uagb_author_info":{"display_name":"webmaster","author_link":"https:\/\/www.skolungdom.fi\/fi\/author\/webmaster\/"},"uagb_comment_info":0,"uagb_excerpt":"Muista sy\u00f6tt\u00e4\u00e4 kansallinen henkil\u00f6tunnuksesi, jos haet digitaalista opiskelijakorttia! Tarkista, ett\u00e4 antamasi tiedot ovat oikein. FSS ei ole vastuussa hakemuksessa annettujen virheellisten tietojen aiheuttamista viiv\u00e4styksist\u00e4 tai lis\u00e4kustannuksista. Kun olet suorittanut edell\u00e4 [&hellip;]","_links":{"self":[{"href":"https:\/\/www.skolungdom.fi\/fi\/wp-json\/wp\/v2\/pages\/9168","targetHints":{"allow":["GET"]}}],"collection":[{"href":"https:\/\/www.skolungdom.fi\/fi\/wp-json\/wp\/v2\/pages"}],"about":[{"href":"https:\/\/www.skolungdom.fi\/fi\/wp-json\/wp\/v2\/types\/page"}],"author":[{"embeddable":true,"href":"https:\/\/www.skolungdom.fi\/fi\/wp-json\/wp\/v2\/users\/1"}],"replies":[{"embeddable":true,"href":"https:\/\/www.skolungdom.fi\/fi\/wp-json\/wp\/v2\/comments?post=9168"}],"version-history":[{"count":6,"href":"https:\/\/www.skolungdom.fi\/fi\/wp-json\/wp\/v2\/pages\/9168\/revisions"}],"predecessor-version":[{"id":10102,"href":"https:\/\/www.skolungdom.fi\/fi\/wp-json\/wp\/v2\/pages\/9168\/revisions\/10102"}],"up":[{"embeddable":true,"href":"https:\/\/www.skolungdom.fi\/fi\/wp-json\/wp\/v2\/pages\/8952"}],"wp:attachment":[{"href":"https:\/\/www.skolungdom.fi\/fi\/wp-json\/wp\/v2\/media?parent=9168"}],"curies":[{"name":"wp","href":"https:\/\/api.w.org\/{rel}","templated":true}]}}