{"id":9181,"date":"2024-06-11T17:42:29","date_gmt":"2024-06-11T14:42:29","guid":{"rendered":"https:\/\/www.skolungdom.fi\/jasenyys\/opiskelijakortti\/hakemuksen-uusimisvaihe-3\/"},"modified":"2024-12-16T11:51:00","modified_gmt":"2024-12-16T09:51:00","slug":"hakemuksen-uusimisvaihe-3","status":"publish","type":"page","link":"https:\/\/www.skolungdom.fi\/fi\/jasenyys\/opiskelijakortti\/hakemuksen-uusimisvaihe-3\/","title":{"rendered":"hakemuksen uusimisvaihe-3"},"content":{"rendered":"\n<div class=\"wp-block-group has-global-padding is-layout-constrained wp-container-core-group-is-layout-32630203 wp-block-group-is-layout-constrained\" style=\"margin-top:0px;margin-bottom:0px;padding-top:0px;padding-bottom:0px\">\n<div style=\"aspect-ratio:16\/9;min-height:unset;\" class=\"wp-block-cover is-light has-aspect-ratio\"><span aria-hidden=\"true\" class=\"wp-block-cover__background has-white-background-color has-background-dim-0 has-background-dim\"><\/span><img data-dominant-color=\"ffffff\" data-has-transparency=\"true\" style=\"--dominant-color: #ffffff;\" loading=\"lazy\" decoding=\"async\" width=\"960\" height=\"541\" class=\"wp-block-cover__image-background wp-image-9771 has-transparency\" alt=\"\" src=\"https:\/\/www.skolungdom.fi\/wp-content\/uploads\/2024\/12\/FSS_webb-ansok-2.png\" data-object-fit=\"cover\" srcset=\"https:\/\/www.skolungdom.fi\/wp-content\/uploads\/2024\/12\/FSS_webb-ansok-2.png 960w, https:\/\/www.skolungdom.fi\/wp-content\/uploads\/2024\/12\/FSS_webb-ansok-2-300x169.png 300w, https:\/\/www.skolungdom.fi\/wp-content\/uploads\/2024\/12\/FSS_webb-ansok-2-768x433.png 768w\" sizes=\"auto, (max-width: 960px) 100vw, 960px\" \/><div class=\"wp-block-cover__inner-container is-layout-flow wp-block-cover-is-layout-flow\">\n<div class=\"wp-block-group has-global-padding is-content-justification-right is-layout-constrained wp-container-core-group-is-layout-b8e5e815 wp-block-group-is-layout-constrained\" style=\"padding-left:var(--wp--preset--spacing--50)\">\n<h2 class=\"wp-block-heading has-text-align-left has-white-color has-text-color has-link-color has-large-font-size wp-elements-e703538ac08c9772c09ea8e272c66131\" style=\"font-style:normal;font-weight:300\">Uudista<\/h2>\n\n\n\n<h2 class=\"wp-block-heading has-text-align-left has-white-color has-text-color has-link-color wp-elements-7d8e3b203713448aeb1cc5cc2b2e796e\" style=\"margin-top:0;margin-right:0;margin-bottom:0;margin-left:0;font-size:67px\">J\u00c4SENYYS<\/h2>\n<\/div>\n<\/div><\/div>\n<\/div>\n\n<p>Kun sinulla on p\u00e4ivitetty varmenne, olet valmis uusimaan j\u00e4senyytesi.<\/p>\n\n<p>Kirjaudu sis\u00e4\u00e4n j\u00e4senrekisteriin, joka avautuu, kun napsautat alla olevaa painiketta. Tarkista henkil\u00f6tietojesi oikeellisuus ja korjaa ne tarvittaessa. Lataa uusi varmenne ja tallenna muutokset.<\/p>\n\n<div class=\"wp-block-buttons is-content-justification-right is-layout-flex wp-container-core-buttons-is-layout-d445cf74 wp-block-buttons-is-layout-flex\">\n<div class=\"wp-block-button\"><a class=\"wp-block-button__link has-custom-fss-yellow-background-color has-text-color has-background has-link-color wp-element-button\" href=\"http:\/\/flomembers.com\/fss\" style=\"color:#121212\" target=\"_blank\" rel=\"noreferrer noopener\">Uudista j\u00e4senyys \u2192<\/a><\/div>\n<\/div>\n\n<p class=\"has-background has-small-font-size\" style=\"border-left-color:var(--wp--preset--color--custom-fss-red);border-left-width:8px;background-color:#f0325573;margin-top:var(--wp--preset--spacing--70)\">Jos et pysty kirjautumaan sis\u00e4\u00e4n tai palauttamaan salasanaasi, tilisi on ehk\u00e4 poistettu k\u00e4yt\u00f6st\u00e4. T\u00e4ss\u00e4 tapauksessa l\u00e4het\u00e4 s\u00e4hk\u00f6postia osoitteeseen <strong>studiekort@skolungdom.fi <\/strong>, jotta voimme avata tilisi uudelleen. Kun t\u00e4m\u00e4 on tehty, sinun pit\u00e4isi pysty\u00e4 kirjautumaan sis\u00e4\u00e4n ja suorittamaan uusiminen.<\/p>\n\n<p><\/p>\n","protected":false},"excerpt":{"rendered":"<p>Kun sinulla on p\u00e4ivitetty varmenne, olet valmis uusimaan j\u00e4senyytesi. Kirjaudu sis\u00e4\u00e4n j\u00e4senrekisteriin, joka avautuu, kun napsautat alla olevaa painiketta. Tarkista henkil\u00f6tietojesi oikeellisuus ja korjaa ne tarvittaessa. Lataa uusi varmenne ja [&hellip;]<\/p>\n","protected":false},"author":1,"featured_media":0,"parent":8952,"menu_order":0,"comment_status":"closed","ping_status":"closed","template":"blank-utan-header-och-footer","meta":{"_uag_custom_page_level_css":"","_EventAllDay":false,"_EventTimezone":"","_EventStartDate":"","_EventEndDate":"","_EventStartDateUTC":"","_EventEndDateUTC":"","_EventShowMap":false,"_EventShowMapLink":false,"_EventURL":"","_EventCost":"","_EventCostDescription":"","_EventCurrencySymbol":"","_EventCurrencyCode":"","_EventCurrencyPosition":"","_EventDateTimeSeparator":"","_EventTimeRangeSeparator":"","_EventOrganizerID":[],"_EventVenueID":[],"_OrganizerEmail":"","_OrganizerPhone":"","_OrganizerWebsite":"","_VenueAddress":"","_VenueCity":"","_VenueCountry":"","_VenueProvince":"","_VenueState":"","_VenueZip":"","_VenuePhone":"","_VenueURL":"","_VenueStateProvince":"","_VenueLat":"","_VenueLng":"","_VenueShowMap":false,"_VenueShowMapLink":false,"footnotes":""},"class_list":["post-9181","page","type-page","status-publish","hentry"],"uagb_featured_image_src":{"full":false,"thumbnail":false,"medium":false,"medium_large":false,"large":false,"1536x1536":false,"2048x2048":false,"mailpoet_newsletter_max":false},"uagb_author_info":{"display_name":"webmaster","author_link":"https:\/\/www.skolungdom.fi\/fi\/author\/webmaster\/"},"uagb_comment_info":0,"uagb_excerpt":"Kun sinulla on p\u00e4ivitetty varmenne, olet valmis uusimaan j\u00e4senyytesi. Kirjaudu sis\u00e4\u00e4n j\u00e4senrekisteriin, joka avautuu, kun napsautat alla olevaa painiketta. Tarkista henkil\u00f6tietojesi oikeellisuus ja korjaa ne tarvittaessa. Lataa uusi varmenne ja [&hellip;]","_links":{"self":[{"href":"https:\/\/www.skolungdom.fi\/fi\/wp-json\/wp\/v2\/pages\/9181","targetHints":{"allow":["GET"]}}],"collection":[{"href":"https:\/\/www.skolungdom.fi\/fi\/wp-json\/wp\/v2\/pages"}],"about":[{"href":"https:\/\/www.skolungdom.fi\/fi\/wp-json\/wp\/v2\/types\/page"}],"author":[{"embeddable":true,"href":"https:\/\/www.skolungdom.fi\/fi\/wp-json\/wp\/v2\/users\/1"}],"replies":[{"embeddable":true,"href":"https:\/\/www.skolungdom.fi\/fi\/wp-json\/wp\/v2\/comments?post=9181"}],"version-history":[{"count":4,"href":"https:\/\/www.skolungdom.fi\/fi\/wp-json\/wp\/v2\/pages\/9181\/revisions"}],"predecessor-version":[{"id":10099,"href":"https:\/\/www.skolungdom.fi\/fi\/wp-json\/wp\/v2\/pages\/9181\/revisions\/10099"}],"up":[{"embeddable":true,"href":"https:\/\/www.skolungdom.fi\/fi\/wp-json\/wp\/v2\/pages\/8952"}],"wp:attachment":[{"href":"https:\/\/www.skolungdom.fi\/fi\/wp-json\/wp\/v2\/media?parent=9181"}],"curies":[{"name":"wp","href":"https:\/\/api.w.org\/{rel}","templated":true}]}}