{"id":9189,"date":"2024-06-11T11:46:30","date_gmt":"2024-06-11T08:46:30","guid":{"rendered":"https:\/\/www.skolungdom.fi\/jasenyys\/opiskelijakortti\/hakemuksen-uusimisvaihe-2\/"},"modified":"2025-07-30T10:29:42","modified_gmt":"2025-07-30T07:29:42","slug":"hakemuksen-uusimisvaihe-2","status":"publish","type":"page","link":"https:\/\/www.skolungdom.fi\/fi\/jasenyys\/opiskelijakortti\/hakemuksen-uusimisvaihe-2\/","title":{"rendered":"hakemuksen uusimisvaihe-2"},"content":{"rendered":"\n<div class=\"wp-block-group is-layout-flow wp-block-group-is-layout-flow\">\n<div class=\"wp-block-group has-global-padding is-layout-constrained wp-container-core-group-is-layout-32630203 wp-block-group-is-layout-constrained\" style=\"margin-top:0px;margin-bottom:0px;padding-top:0px;padding-bottom:0px\">\n<div style=\"aspect-ratio:16\/9;min-height:unset;\" class=\"wp-block-cover is-light has-aspect-ratio\"><img data-dominant-color=\"ffffff\" data-has-transparency=\"true\" style=\"--dominant-color: #ffffff;\" loading=\"lazy\" decoding=\"async\" width=\"960\" height=\"540\" class=\"wp-block-cover__image-background wp-image-9765 has-transparency\" alt=\"\" src=\"https:\/\/www.skolungdom.fi\/wp-content\/uploads\/2024\/12\/FSS_webb-ansok-1.png\" data-object-fit=\"cover\" srcset=\"https:\/\/www.skolungdom.fi\/wp-content\/uploads\/2024\/12\/FSS_webb-ansok-1.png 960w, https:\/\/www.skolungdom.fi\/wp-content\/uploads\/2024\/12\/FSS_webb-ansok-1-300x169.png 300w, https:\/\/www.skolungdom.fi\/wp-content\/uploads\/2024\/12\/FSS_webb-ansok-1-768x432.png 768w\" sizes=\"auto, (max-width: 960px) 100vw, 960px\" \/><span aria-hidden=\"true\" class=\"wp-block-cover__background has-white-background-color has-background-dim-0 has-background-dim\"><\/span><div class=\"wp-block-cover__inner-container is-layout-flow wp-block-cover-is-layout-flow\">\n<div class=\"wp-block-group has-global-padding is-content-justification-right is-layout-constrained wp-container-core-group-is-layout-b8e5e815 wp-block-group-is-layout-constrained\" style=\"padding-left:var(--wp--preset--spacing--50)\">\n<h2 class=\"wp-block-heading has-text-align-left has-white-color has-text-color has-link-color has-large-font-size wp-elements-24a56c126b9e10f8954ff478eb2f312f\" style=\"font-style:normal;font-weight:300\">Varmista, ett\u00e4 sinulla on<\/h2>\n\n\n\n<h2 class=\"wp-block-heading has-text-align-left has-white-color has-text-color has-link-color wp-elements-da5f5d23e73f0adbcdb4aaf9fcb2b7fc\" style=\"margin-top:0;margin-right:0;margin-bottom:0;margin-left:0;font-size:72px\">OPINTO-<br>TODISTUS<\/h2>\n<\/div>\n<\/div><\/div>\n<\/div>\n\n\n\n<p>Opintotodistus on <strong>oppilaitoksesi antama todistus opiskelijastatuksesta tai Wilman kuvakaappaus<\/strong>.<\/p>\n\n\n\n<p><strong>Todistuksen pit\u00e4\u00e4 sis\u00e4lt\u00e4\u00e4:<\/strong><\/p>\n\n\n\n<ul class=\"wp-block-list\">\n<li>Nimesi (etu- ja sukunimi)<\/li>\n\n\n\n<li>Koulusi nimi<\/li>\n\n\n\n<li>P\u00e4iv\u00e4m\u00e4\u00e4r\u00e4 elokuulta 2025 tai my\u00f6hemmin<\/li>\n<\/ul>\n\n\n\n<p class=\"has-small-font-size\"><\/p>\n\n\n\n<details class=\"wp-block-details has-custom-fss-webb-blue-background-color has-text-color has-background has-link-color wp-elements-a293a1f0161d612e681335a80daed8f7 is-layout-flow wp-block-details-is-layout-flow\" style=\"color:#fefefe;padding-top:var(--wp--preset--spacing--30);padding-right:var(--wp--preset--spacing--30);padding-bottom:var(--wp--preset--spacing--30);padding-left:var(--wp--preset--spacing--30)\"><summary>Esimerkkej\u00e4 hyv\u00e4ksytyist\u00e4 todistuksista:<\/summary>\n<figure class=\"wp-block-gallery has-nested-images columns-1 is-cropped wp-block-gallery-1 is-layout-flex wp-block-gallery-is-layout-flex\">\n<figure class=\"wp-block-image size-large\"><img loading=\"lazy\" decoding=\"async\" width=\"1024\" height=\"474\" data-id=\"8071\" src=\"https:\/\/www.skolungdom.fi\/wp-content\/uploads\/2024\/06\/IMG_1439-1024x474.jpeg\" alt=\"\" class=\"wp-image-8071\" srcset=\"https:\/\/www.skolungdom.fi\/wp-content\/uploads\/2024\/06\/IMG_1439-1024x474.jpeg 1024w, https:\/\/www.skolungdom.fi\/wp-content\/uploads\/2024\/06\/IMG_1439-300x139.jpeg 300w, https:\/\/www.skolungdom.fi\/wp-content\/uploads\/2024\/06\/IMG_1439-768x356.jpeg 768w, https:\/\/www.skolungdom.fi\/wp-content\/uploads\/2024\/06\/IMG_1439-1536x712.jpeg 1536w, https:\/\/www.skolungdom.fi\/wp-content\/uploads\/2024\/06\/IMG_1439-1320x612.jpeg 1320w, https:\/\/www.skolungdom.fi\/wp-content\/uploads\/2024\/06\/IMG_1439.jpeg 1852w\" sizes=\"auto, (max-width: 1024px) 100vw, 1024px\" \/><\/figure>\n\n\n\n<figure class=\"wp-block-image size-large\"><img loading=\"lazy\" decoding=\"async\" width=\"473\" height=\"1024\" data-id=\"8073\" src=\"https:\/\/www.skolungdom.fi\/wp-content\/uploads\/2024\/06\/IMG_3621-473x1024.png\" alt=\"\" class=\"wp-image-8073\" srcset=\"https:\/\/www.skolungdom.fi\/wp-content\/uploads\/2024\/06\/IMG_3621-473x1024.png 473w, https:\/\/www.skolungdom.fi\/wp-content\/uploads\/2024\/06\/IMG_3621-139x300.png 139w, https:\/\/www.skolungdom.fi\/wp-content\/uploads\/2024\/06\/IMG_3621-768x1662.png 768w, https:\/\/www.skolungdom.fi\/wp-content\/uploads\/2024\/06\/IMG_3621-710x1536.png 710w, https:\/\/www.skolungdom.fi\/wp-content\/uploads\/2024\/06\/IMG_3621.png 828w\" sizes=\"auto, (max-width: 473px) 100vw, 473px\" \/><\/figure>\n\n\n\n<figure class=\"wp-block-image size-large\"><img loading=\"lazy\" decoding=\"async\" width=\"461\" height=\"1024\" data-id=\"8072\" src=\"https:\/\/www.skolungdom.fi\/wp-content\/uploads\/2024\/06\/Screenshot_2024-05-15-20-42-42-12_e2d5b3f32b79de1d45acd1fad96fbb0f-461x1024.jpg\" alt=\"\" class=\"wp-image-8072\" srcset=\"https:\/\/www.skolungdom.fi\/wp-content\/uploads\/2024\/06\/Screenshot_2024-05-15-20-42-42-12_e2d5b3f32b79de1d45acd1fad96fbb0f-461x1024.jpg 461w, https:\/\/www.skolungdom.fi\/wp-content\/uploads\/2024\/06\/Screenshot_2024-05-15-20-42-42-12_e2d5b3f32b79de1d45acd1fad96fbb0f-135x300.jpg 135w, https:\/\/www.skolungdom.fi\/wp-content\/uploads\/2024\/06\/Screenshot_2024-05-15-20-42-42-12_e2d5b3f32b79de1d45acd1fad96fbb0f-768x1707.jpg 768w, https:\/\/www.skolungdom.fi\/wp-content\/uploads\/2024\/06\/Screenshot_2024-05-15-20-42-42-12_e2d5b3f32b79de1d45acd1fad96fbb0f-691x1536.jpg 691w, https:\/\/www.skolungdom.fi\/wp-content\/uploads\/2024\/06\/Screenshot_2024-05-15-20-42-42-12_e2d5b3f32b79de1d45acd1fad96fbb0f-922x2048.jpg 922w, https:\/\/www.skolungdom.fi\/wp-content\/uploads\/2024\/06\/Screenshot_2024-05-15-20-42-42-12_e2d5b3f32b79de1d45acd1fad96fbb0f.jpg 1080w\" sizes=\"auto, (max-width: 461px) 100vw, 461px\" \/><\/figure>\n<\/figure>\n<\/details>\n\n\n\n<p><strong>Todistukseksi eiv\u00e4t hyv\u00e4ksyt\u00e4\u00e4n:<\/strong><\/p>\n\n\n\n<ul class=\"wp-block-list\">\n<li>Sis\u00e4\u00e4np\u00e4\u00e4syskirje \/ -viesti<\/li>\n\n\n\n<li>Wilman kuvakaappaus, josta puuttuu mik\u00e4\u00e4n yll\u00e4 olevista vaatimuksista<\/li>\n<\/ul>\n\n\n\n<p class=\"has-small-font-size\"><\/p>\n\n\n\n<details class=\"wp-block-details has-custom-fss-webb-blue-background-color has-text-color has-background has-link-color wp-elements-0416c83b46c99f7f19dc9c6abc3455e4 is-layout-flow wp-block-details-is-layout-flow\" style=\"color:#fefefe;padding-top:var(--wp--preset--spacing--30);padding-right:var(--wp--preset--spacing--30);padding-bottom:var(--wp--preset--spacing--30);padding-left:var(--wp--preset--spacing--30)\"><summary>Esimerkkej\u00e4 varmenteista, joita ei ole hyv\u00e4ksytty<\/summary>\n<figure class=\"wp-block-gallery has-nested-images columns-1 is-cropped wp-block-gallery-2 is-layout-flex wp-block-gallery-is-layout-flex\">\n<figure class=\"wp-block-image size-large is-style-default\"><img loading=\"lazy\" decoding=\"async\" width=\"183\" height=\"59\" data-id=\"8076\" src=\"https:\/\/www.skolungdom.fi\/wp-content\/uploads\/2024\/06\/IMG_1439-1.jpg\" alt=\"\" class=\"wp-image-8076\"\/><\/figure>\n\n\n\n<figure class=\"wp-block-image size-large\"><img loading=\"lazy\" decoding=\"async\" width=\"614\" height=\"1024\" data-id=\"8075\" src=\"https:\/\/www.skolungdom.fi\/wp-content\/uploads\/2024\/06\/IMG_1443-614x1024.png\" alt=\"\" class=\"wp-image-8075\" srcset=\"https:\/\/www.skolungdom.fi\/wp-content\/uploads\/2024\/06\/IMG_1443-614x1024.png 614w, https:\/\/www.skolungdom.fi\/wp-content\/uploads\/2024\/06\/IMG_1443-180x300.png 180w, https:\/\/www.skolungdom.fi\/wp-content\/uploads\/2024\/06\/IMG_1443-768x1282.png 768w, https:\/\/www.skolungdom.fi\/wp-content\/uploads\/2024\/06\/IMG_1443-920x1536.png 920w, https:\/\/www.skolungdom.fi\/wp-content\/uploads\/2024\/06\/IMG_1443.png 1163w\" sizes=\"auto, (max-width: 614px) 100vw, 614px\" \/><\/figure>\n\n\n\n<figure class=\"wp-block-image size-large\"><img loading=\"lazy\" decoding=\"async\" width=\"473\" height=\"1024\" data-id=\"8074\" src=\"https:\/\/www.skolungdom.fi\/wp-content\/uploads\/2024\/06\/IMG_9644-473x1024.png\" alt=\"\" class=\"wp-image-8074\" srcset=\"https:\/\/www.skolungdom.fi\/wp-content\/uploads\/2024\/06\/IMG_9644-473x1024.png 473w, https:\/\/www.skolungdom.fi\/wp-content\/uploads\/2024\/06\/IMG_9644-139x300.png 139w, https:\/\/www.skolungdom.fi\/wp-content\/uploads\/2024\/06\/IMG_9644-768x1662.png 768w, https:\/\/www.skolungdom.fi\/wp-content\/uploads\/2024\/06\/IMG_9644-710x1536.png 710w, https:\/\/www.skolungdom.fi\/wp-content\/uploads\/2024\/06\/IMG_9644.png 828w\" sizes=\"auto, (max-width: 473px) 100vw, 473px\" \/><\/figure>\n<\/figure>\n<\/details>\n\n\n\n<p class=\"has-small-font-size\"><em>Yleisin syy kortin toimituksen viiv\u00e4stymiseen on todistus, joka ei t\u00e4yt\u00e4 kriteerej\u00e4. Noudattamalla n\u00e4it\u00e4 ohjeita varmistat, ett\u00e4 korttisi toimitetaan mahdollisimman nopeasti. Muista, ett\u00e4 opiskelijakortti on aina henkil\u00f6kohtainen, ja sen omistajan on oltava helposti tunnistettavissa.<\/em><\/p>\n<\/div>\n\n\n\n<div class=\"wp-block-buttons is-content-justification-right is-layout-flex wp-container-core-buttons-is-layout-d445cf74 wp-block-buttons-is-layout-flex\">\n<div class=\"wp-block-button\"><a class=\"wp-block-button__link has-black-color has-custom-fss-yellow-background-color has-text-color has-background has-link-color wp-element-button\" href=\"https:\/\/www.skolungdom.fi\/fi\/jasenyys\/opiskelijakortti\/hakemuksen-uusimisvaihe-3\/\">Jatka \u2192<\/a><\/div>\n<\/div>\n","protected":false},"excerpt":{"rendered":"<p>Opintotodistus on oppilaitoksesi antama todistus opiskelijastatuksesta tai Wilman kuvakaappaus. Todistuksen pit\u00e4\u00e4 sis\u00e4lt\u00e4\u00e4: Todistukseksi eiv\u00e4t hyv\u00e4ksyt\u00e4\u00e4n: Yleisin syy kortin toimituksen viiv\u00e4stymiseen on todistus, joka ei t\u00e4yt\u00e4 kriteerej\u00e4. Noudattamalla n\u00e4it\u00e4 ohjeita varmistat, [&hellip;]<\/p>\n","protected":false},"author":1,"featured_media":0,"parent":8952,"menu_order":0,"comment_status":"closed","ping_status":"closed","template":"blank-utan-header-och-footer","meta":{"_uag_custom_page_level_css":"","_EventAllDay":false,"_EventTimezone":"","_EventStartDate":"","_EventEndDate":"","_EventStartDateUTC":"","_EventEndDateUTC":"","_EventShowMap":false,"_EventShowMapLink":false,"_EventURL":"","_EventCost":"","_EventCostDescription":"","_EventCurrencySymbol":"","_EventCurrencyCode":"","_EventCurrencyPosition":"","_EventDateTimeSeparator":"","_EventTimeRangeSeparator":"","_EventOrganizerID":[],"_EventVenueID":[],"_OrganizerEmail":"","_OrganizerPhone":"","_OrganizerWebsite":"","_VenueAddress":"","_VenueCity":"","_VenueCountry":"","_VenueProvince":"","_VenueState":"","_VenueZip":"","_VenuePhone":"","_VenueURL":"","_VenueStateProvince":"","_VenueLat":"","_VenueLng":"","_VenueShowMap":false,"_VenueShowMapLink":false,"footnotes":""},"class_list":["post-9189","page","type-page","status-publish","hentry"],"uagb_featured_image_src":{"full":false,"thumbnail":false,"medium":false,"medium_large":false,"large":false,"1536x1536":false,"2048x2048":false,"mailpoet_newsletter_max":false},"uagb_author_info":{"display_name":"webmaster","author_link":"https:\/\/www.skolungdom.fi\/fi\/author\/webmaster\/"},"uagb_comment_info":0,"uagb_excerpt":"Opintotodistus on oppilaitoksesi antama todistus opiskelijastatuksesta tai Wilman kuvakaappaus. Todistuksen pit\u00e4\u00e4 sis\u00e4lt\u00e4\u00e4: Todistukseksi eiv\u00e4t hyv\u00e4ksyt\u00e4\u00e4n: Yleisin syy kortin toimituksen viiv\u00e4stymiseen on todistus, joka ei t\u00e4yt\u00e4 kriteerej\u00e4. Noudattamalla n\u00e4it\u00e4 ohjeita varmistat, [&hellip;]","_links":{"self":[{"href":"https:\/\/www.skolungdom.fi\/fi\/wp-json\/wp\/v2\/pages\/9189","targetHints":{"allow":["GET"]}}],"collection":[{"href":"https:\/\/www.skolungdom.fi\/fi\/wp-json\/wp\/v2\/pages"}],"about":[{"href":"https:\/\/www.skolungdom.fi\/fi\/wp-json\/wp\/v2\/types\/page"}],"author":[{"embeddable":true,"href":"https:\/\/www.skolungdom.fi\/fi\/wp-json\/wp\/v2\/users\/1"}],"replies":[{"embeddable":true,"href":"https:\/\/www.skolungdom.fi\/fi\/wp-json\/wp\/v2\/comments?post=9189"}],"version-history":[{"count":9,"href":"https:\/\/www.skolungdom.fi\/fi\/wp-json\/wp\/v2\/pages\/9189\/revisions"}],"predecessor-version":[{"id":10797,"href":"https:\/\/www.skolungdom.fi\/fi\/wp-json\/wp\/v2\/pages\/9189\/revisions\/10797"}],"up":[{"embeddable":true,"href":"https:\/\/www.skolungdom.fi\/fi\/wp-json\/wp\/v2\/pages\/8952"}],"wp:attachment":[{"href":"https:\/\/www.skolungdom.fi\/fi\/wp-json\/wp\/v2\/media?parent=9189"}],"curies":[{"name":"wp","href":"https:\/\/api.w.org\/{rel}","templated":true}]}}